{"id":34757,"date":"2020-09-08T14:07:21","date_gmt":"2020-09-08T14:07:21","guid":{"rendered":"https:\/\/leiklist.is\/?post_type=product&#038;p=34757"},"modified":"2024-12-02T11:00:53","modified_gmt":"2024-12-02T11:00:53","slug":"crazy-doll-kit","status":"publish","type":"product","link":"https:\/\/leiklist.is\/en\/product\/crazy-doll-kit\/","title":{"rendered":"Crazy Doll Kit"},"content":{"rendered":"<p>Sett me\u00f0 \u00f6llu sem \u00fearf til a\u00f0 far\u00f0a &#8222;brj\u00e1lu\u00f0u br\u00fa\u00f0una&#8220; eins og s\u00e9st \u00e1 myndinni.<\/p>\n<p>Setti\u00f0 inniheldur (sj\u00e1 mynd 2):<\/p>\n<ul>\n<li>2 Make-up Brushes<\/li>\n<li>3 Aquacolor 8 ml<\/li>\n<li>Body Jewels<\/li>\n<li>Supracolor Clown White 30 g<\/li>\n<li>2 Multi Gel Glitter 10 ml<\/li>\n<li>Translucent Powder 20 g<\/li>\n<li>Powder Puff<\/li>\n<li>Make-up Sponge<\/li>\n<li>Make-up Bag<\/li>\n<\/ul>\n<p>&nbsp;<\/p>\n<div class=\"product-shorts\">\n<p>&nbsp;<\/p>\n<\/div>","protected":false},"excerpt":{"rendered":"<p>Sett me\u00f0 \u00f6llu sem \u00fearf til a\u00f0 far\u00f0a &#8222;brj\u00e1lu\u00f0u br\u00fa\u00f0una&#8220; eins og s\u00e9st \u00e1 myndinni. Setti\u00f0 inniheldur (sj\u00e1 mynd 2): 2 Make-up Brushes 3 Aquacolor 8 ml Body Jewels Supracolor Clown White 30 g 2 Multi Gel Glitter 10 ml Translucent Powder 20 g Powder Puff Make-up Sponge Make-up Bag &nbsp; &nbsp;<\/p>","protected":false},"featured_media":34758,"template":"","meta":{"_et_pb_use_builder":"","_et_pb_old_content":"","_et_gb_content_width":""},"product_brand":[],"product_cat":[126,245,73],"product_tag":[262],"class_list":{"0":"post-34757","1":"product","2":"type-product","3":"status-publish","4":"has-post-thumbnail","6":"product_cat-andlits-likamslitir","7":"product_cat-sett","8":"product_cat-fardi","9":"product_tag-kryolan-halloween-hrekkjavaka-cosplay","11":"first","12":"instock","13":"taxable","14":"shipping-taxable","15":"purchasable","16":"product-type-simple"},"_links":{"self":[{"href":"https:\/\/leiklist.is\/en\/wp-json\/wp\/v2\/product\/34757","targetHints":{"allow":["GET"]}}],"collection":[{"href":"https:\/\/leiklist.is\/en\/wp-json\/wp\/v2\/product"}],"about":[{"href":"https:\/\/leiklist.is\/en\/wp-json\/wp\/v2\/types\/product"}],"wp:featuredmedia":[{"embeddable":true,"href":"https:\/\/leiklist.is\/en\/wp-json\/wp\/v2\/media\/34758"}],"wp:attachment":[{"href":"https:\/\/leiklist.is\/en\/wp-json\/wp\/v2\/media?parent=34757"}],"wp:term":[{"taxonomy":"product_brand","embeddable":true,"href":"https:\/\/leiklist.is\/en\/wp-json\/wp\/v2\/product_brand?post=34757"},{"taxonomy":"product_cat","embeddable":true,"href":"https:\/\/leiklist.is\/en\/wp-json\/wp\/v2\/product_cat?post=34757"},{"taxonomy":"product_tag","embeddable":true,"href":"https:\/\/leiklist.is\/en\/wp-json\/wp\/v2\/product_tag?post=34757"}],"curies":[{"name":"wp","href":"https:\/\/api.w.org\/{rel}","templated":true}]}}