{"id":34712,"date":"2020-08-27T20:03:53","date_gmt":"2020-08-27T20:03:53","guid":{"rendered":"https:\/\/leiklist.is\/?post_type=product&#038;p=34712"},"modified":"2026-02-18T20:31:19","modified_gmt":"2026-02-18T20:31:19","slug":"special-adhesive-b-remover","status":"publish","type":"product","link":"https:\/\/leiklist.is\/en\/product\/special-adhesive-b-remover\/","title":{"rendered":"Special Adhesive B Remover"},"content":{"rendered":"<p><strong>Special Adhesive B Remover<\/strong> er nota\u00f0 til a\u00f0 leysa upp akr\u00fdlbaseru\u00f0 l\u00edm \u00e1 bor\u00f0 vi\u00f0 Pros-Aide. \u00dea\u00f0 fjarl\u00e6gir allar l\u00edmleifar af h\u00fa\u00f0inni. Bleyti\u00f0 tusku e\u00f0a b\u00f3mull me\u00f0 l\u00edmleysinum og l\u00e1ti\u00f0 virka um stund. Eftir notkun skal hreinsa h\u00fa\u00f0ina vandlega og nota vi\u00f0eigandi krem.<\/p>","protected":false},"excerpt":{"rendered":"<p>Special Adhesive B Remover er nota\u00f0 til a\u00f0 leysa upp akr\u00fdlbaseru\u00f0 l\u00edm \u00e1 bor\u00f0 vi\u00f0 Pros-Aide. \u00dea\u00f0 fjarl\u00e6gir allar l\u00edmleifar af h\u00fa\u00f0inni. Bleyti\u00f0 tusku e\u00f0a b\u00f3mull me\u00f0 l\u00edmleysinum og l\u00e1ti\u00f0 virka um stund. Eftir notkun skal hreinsa h\u00fa\u00f0ina vandlega og nota vi\u00f0eigandi krem.<\/p>","protected":false},"featured_media":34713,"template":"","meta":{"_et_pb_use_builder":"","_et_pb_old_content":"","_et_gb_content_width":""},"product_brand":[],"product_cat":[74,136],"product_tag":[75],"class_list":{"0":"post-34712","1":"product","2":"type-product","3":"status-publish","4":"has-post-thumbnail","6":"product_cat-hreinsivorur","7":"product_cat-lim-gervagerd","8":"product_tag-kryolan","10":"first","11":"instock","12":"taxable","13":"shipping-taxable","14":"purchasable","15":"product-type-simple"},"_links":{"self":[{"href":"https:\/\/leiklist.is\/en\/wp-json\/wp\/v2\/product\/34712","targetHints":{"allow":["GET"]}}],"collection":[{"href":"https:\/\/leiklist.is\/en\/wp-json\/wp\/v2\/product"}],"about":[{"href":"https:\/\/leiklist.is\/en\/wp-json\/wp\/v2\/types\/product"}],"wp:featuredmedia":[{"embeddable":true,"href":"https:\/\/leiklist.is\/en\/wp-json\/wp\/v2\/media\/34713"}],"wp:attachment":[{"href":"https:\/\/leiklist.is\/en\/wp-json\/wp\/v2\/media?parent=34712"}],"wp:term":[{"taxonomy":"product_brand","embeddable":true,"href":"https:\/\/leiklist.is\/en\/wp-json\/wp\/v2\/product_brand?post=34712"},{"taxonomy":"product_cat","embeddable":true,"href":"https:\/\/leiklist.is\/en\/wp-json\/wp\/v2\/product_cat?post=34712"},{"taxonomy":"product_tag","embeddable":true,"href":"https:\/\/leiklist.is\/en\/wp-json\/wp\/v2\/product_tag?post=34712"}],"curies":[{"name":"wp","href":"https:\/\/api.w.org\/{rel}","templated":true}]}}