{"id":34709,"date":"2020-08-27T19:53:11","date_gmt":"2020-08-27T19:53:11","guid":{"rendered":"https:\/\/leiklist.is\/?post_type=product&#038;p=34709"},"modified":"2026-02-18T20:31:25","modified_gmt":"2026-02-18T20:31:25","slug":"pros-aide","status":"publish","type":"product","link":"https:\/\/leiklist.is\/en\/product\/pros-aide\/","title":{"rendered":"Pros-Aide"},"content":{"rendered":"<p>Pros-Aide er s\u00e9rstakt l\u00edm til nota vi\u00f0 gervager\u00f0. \u00dea\u00f0 er nota\u00f0 af \u00f6llum helstu f\u00f6r\u00f0unarlistam\u00f6nnum \u00e1 svi\u00f0i gervager\u00f0ar enda einstaklega gott til sinna nota. Til a\u00f0 hylja br\u00fanir m\u00e1 nota Latexsvamp til a\u00f0 bera Pros-Aide \u00e1 \u00fe\u00e6r og hylja \u00e1 eftir me\u00f0 p\u00fa\u00f0ri.<br \/>\nNoti\u00f0 b\u00f3mullarhno\u00f0ra til a\u00f0 bera Pros-Aide \u00e1 h\u00fa\u00f0ina og \u00fea\u00f0 sem l\u00edma \u00e1 vi\u00f0 hana. L\u00e1ti\u00f0 \u00feorna skamma stund og \u00fer\u00fdsti\u00f0 svo \u00fe\u00e9ttingsfast a\u00f0.<br \/>\nNoti\u00f0 Special Adhesive B Remover til a\u00f0 fjarl\u00e6gja Pros-Aide eftir notkun. Hreinsi\u00f0 h\u00fa\u00f0ina og beri\u00f0 \u00e1 hana gott krem.<\/p>\n<div class=\"product-shorts\"><\/div>","protected":false},"excerpt":{"rendered":"<p>Pros-Aide er s\u00e9rstakt l\u00edm til nota vi\u00f0 gervager\u00f0.<\/p>","protected":false},"featured_media":34711,"template":"","meta":{"_et_pb_use_builder":"","_et_pb_old_content":"","_et_gb_content_width":""},"product_brand":[],"product_cat":[136],"product_tag":[75],"class_list":{"0":"post-34709","1":"product","2":"type-product","3":"status-publish","4":"has-post-thumbnail","6":"product_cat-lim-gervagerd","7":"product_tag-kryolan","9":"first","10":"instock","11":"taxable","12":"shipping-taxable","13":"purchasable","14":"product-type-variable"},"_links":{"self":[{"href":"https:\/\/leiklist.is\/en\/wp-json\/wp\/v2\/product\/34709","targetHints":{"allow":["GET"]}}],"collection":[{"href":"https:\/\/leiklist.is\/en\/wp-json\/wp\/v2\/product"}],"about":[{"href":"https:\/\/leiklist.is\/en\/wp-json\/wp\/v2\/types\/product"}],"wp:featuredmedia":[{"embeddable":true,"href":"https:\/\/leiklist.is\/en\/wp-json\/wp\/v2\/media\/34711"}],"wp:attachment":[{"href":"https:\/\/leiklist.is\/en\/wp-json\/wp\/v2\/media?parent=34709"}],"wp:term":[{"taxonomy":"product_brand","embeddable":true,"href":"https:\/\/leiklist.is\/en\/wp-json\/wp\/v2\/product_brand?post=34709"},{"taxonomy":"product_cat","embeddable":true,"href":"https:\/\/leiklist.is\/en\/wp-json\/wp\/v2\/product_cat?post=34709"},{"taxonomy":"product_tag","embeddable":true,"href":"https:\/\/leiklist.is\/en\/wp-json\/wp\/v2\/product_tag?post=34709"}],"curies":[{"name":"wp","href":"https:\/\/api.w.org\/{rel}","templated":true}]}}