{"id":34656,"date":"2020-08-24T11:27:20","date_gmt":"2020-08-24T11:27:20","guid":{"rendered":"https:\/\/leiklist.is\/?post_type=product&#038;p=34656"},"modified":"2023-01-16T21:22:07","modified_gmt":"2023-01-16T21:22:07","slug":"fixing-spray-dermacolor","status":"publish","type":"product","link":"https:\/\/leiklist.is\/en\/product\/fixing-spray-dermacolor\/","title":{"rendered":"Fixing Spray Dermacolor 150 ml"},"content":{"rendered":"<p>Dermacolor Fixing Spray er nota\u00f0 sem extra v\u00f6rn fyrir f\u00f6r\u00f0un. S\u00e9rstaklega hentugt fyrir hendur og h\u00e1ls. Sprauta\u00f0 beint \u00e1 h\u00fa\u00f0 \u00far 2\u00f6-30 cm fjarl\u00e6g\u00f0. \u00deegar sprayi\u00f0 er or\u00f0i\u00f0 \u00feurrt er \u00feolir f\u00f6r\u00f0unin snertingu. \u00dev\u00e6st au\u00f0veldlega af me\u00f0 vatni og s\u00e1pu. Inniheldur s\u00f3larv\u00f6rn\u00a0US-SPF 25\/SPF 20.<\/p>","protected":false},"excerpt":{"rendered":"<p>Spray sem leyfir snertingu vi\u00f0 far\u00f0a\u00f0a h\u00fa\u00f0.<\/p>","protected":false},"featured_media":34657,"template":"","meta":{"_et_pb_use_builder":"","_et_pb_old_content":"","_et_gb_content_width":""},"product_brand":[],"product_cat":[144,82],"product_tag":[75],"class_list":{"0":"post-34656","1":"product","2":"type-product","3":"status-publish","4":"has-post-thumbnail","6":"product_cat-annad-fordun","7":"product_cat-ymislegt","8":"product_tag-kryolan","10":"first","11":"outofstock","12":"taxable","13":"shipping-taxable","14":"purchasable","15":"product-type-simple"},"_links":{"self":[{"href":"https:\/\/leiklist.is\/en\/wp-json\/wp\/v2\/product\/34656","targetHints":{"allow":["GET"]}}],"collection":[{"href":"https:\/\/leiklist.is\/en\/wp-json\/wp\/v2\/product"}],"about":[{"href":"https:\/\/leiklist.is\/en\/wp-json\/wp\/v2\/types\/product"}],"wp:featuredmedia":[{"embeddable":true,"href":"https:\/\/leiklist.is\/en\/wp-json\/wp\/v2\/media\/34657"}],"wp:attachment":[{"href":"https:\/\/leiklist.is\/en\/wp-json\/wp\/v2\/media?parent=34656"}],"wp:term":[{"taxonomy":"product_brand","embeddable":true,"href":"https:\/\/leiklist.is\/en\/wp-json\/wp\/v2\/product_brand?post=34656"},{"taxonomy":"product_cat","embeddable":true,"href":"https:\/\/leiklist.is\/en\/wp-json\/wp\/v2\/product_cat?post=34656"},{"taxonomy":"product_tag","embeddable":true,"href":"https:\/\/leiklist.is\/en\/wp-json\/wp\/v2\/product_tag?post=34656"}],"curies":[{"name":"wp","href":"https:\/\/api.w.org\/{rel}","templated":true}]}}