{"id":34649,"date":"2020-08-23T11:23:59","date_gmt":"2020-08-23T11:23:59","guid":{"rendered":"https:\/\/leiklist.is\/?post_type=product&#038;p=34649"},"modified":"2025-10-13T19:15:12","modified_gmt":"2025-10-13T19:15:12","slug":"woundfiller-blod-kryolan-50-gr","status":"publish","type":"product","link":"https:\/\/leiklist.is\/en\/product\/woundfiller-blod-kryolan-50-gr\/","title":{"rendered":"Woundfiller bl\u00f3\u00f0hlaup, Kryolan"},"content":{"rendered":"<p class=\"p1\"><em>Woundfiller bl\u00f3\u00f0 fr\u00e1 Kryolan<\/em>. Gerfibl\u00f3\u00f0 \u00ed gelformi. Gott til a\u00f0 fylla \u00ed s\u00e1r, \u00feornar flj\u00f3tt og \u00fearf bara a\u00f0 kroppa af. Til \u00ed Light og Dark \u00ed 15 e\u00f0a 30 ml. d\u00f3s.<\/p>\n<p class=\"p1\"><a href=\"https:\/\/global.kryolan.com\/product\/woundfiller\">N\u00e1nari uppl\u00fdsingar og innihaldsefni<\/a>.<\/p>\n<p>&nbsp;<\/p>","protected":false},"excerpt":{"rendered":"<p>Woundfiller bl\u00f3\u00f0 fr\u00e1 Kryolan. Gerfibl\u00f3\u00f0 \u00ed gelformi. Gott til a\u00f0 fylla \u00ed s\u00e1r, \u00feornar flj\u00f3tt og \u00fearf bara a\u00f0 kroppa af. Til \u00ed Light og Dark \u00ed 15 e\u00f0a 30 ml. d\u00f3s. N\u00e1nari uppl\u00fdsingar og innihaldsefni. &nbsp;<\/p>","protected":false},"featured_media":34650,"template":"","meta":{"_et_pb_use_builder":"","_et_pb_old_content":"","_et_gb_content_width":""},"product_brand":[],"product_cat":[77],"product_tag":[75],"class_list":{"0":"post-34649","1":"product","2":"type-product","3":"status-publish","4":"has-post-thumbnail","6":"product_cat-gerviblod","7":"product_tag-kryolan","9":"first","10":"instock","11":"taxable","12":"shipping-taxable","13":"purchasable","14":"product-type-variable","15":"has-default-attributes"},"_links":{"self":[{"href":"https:\/\/leiklist.is\/en\/wp-json\/wp\/v2\/product\/34649","targetHints":{"allow":["GET"]}}],"collection":[{"href":"https:\/\/leiklist.is\/en\/wp-json\/wp\/v2\/product"}],"about":[{"href":"https:\/\/leiklist.is\/en\/wp-json\/wp\/v2\/types\/product"}],"wp:featuredmedia":[{"embeddable":true,"href":"https:\/\/leiklist.is\/en\/wp-json\/wp\/v2\/media\/34650"}],"wp:attachment":[{"href":"https:\/\/leiklist.is\/en\/wp-json\/wp\/v2\/media?parent=34649"}],"wp:term":[{"taxonomy":"product_brand","embeddable":true,"href":"https:\/\/leiklist.is\/en\/wp-json\/wp\/v2\/product_brand?post=34649"},{"taxonomy":"product_cat","embeddable":true,"href":"https:\/\/leiklist.is\/en\/wp-json\/wp\/v2\/product_cat?post=34649"},{"taxonomy":"product_tag","embeddable":true,"href":"https:\/\/leiklist.is\/en\/wp-json\/wp\/v2\/product_tag?post=34649"}],"curies":[{"name":"wp","href":"https:\/\/api.w.org\/{rel}","templated":true}]}}