{"id":34210,"date":"2020-05-20T15:25:44","date_gmt":"2020-05-20T15:25:44","guid":{"rendered":"https:\/\/leiklist.is\/?post_type=product&#038;p=34210"},"modified":"2024-01-22T09:52:12","modified_gmt":"2024-01-22T09:52:12","slug":"leikraen-tjaning-2","status":"publish","type":"product","link":"https:\/\/leiklist.is\/en\/product\/leikraen-tjaning-2\/","title":{"rendered":"Leikr\u00e6n tj\u00e1ning"},"content":{"rendered":"<p>B\u00f3kin Leikr\u00e6n tj\u00e1ning er fyrir f\u00f3lk \u00e1 \u00f6llum aldri sem \u00e1huga hefur \u00e1 leiklist. Leikr\u00e6n tj\u00e1ning n\u00fdtist \u00e1 margan h\u00e1tt og allssta\u00f0ar \u00fear sem f\u00f3lk kemur saman hvort heldur er \u00ed sk\u00f3lastarfi, leiklistarn\u00e1mskei\u00f0um e\u00f0a jafnvel bara \u00e1 \u00e6ttarm\u00f3tinu. Leikr\u00e6n tj\u00e1ning er \u00ed raun \u00e6fingabanki sem innheldur fj\u00f6lbreyttar \u00e6fingar \u00ed leikr\u00e6nni tj\u00e1ningu.<\/p>","protected":false},"excerpt":{"rendered":"<p>B\u00f3kin Leikr\u00e6n tj\u00e1ning er fyrir f\u00f3lk \u00e1 \u00f6llum aldri sem \u00e1huga hefur \u00e1 leiklist. Leikr\u00e6n tj\u00e1ning n\u00fdtist \u00e1 margan h\u00e1tt og allssta\u00f0ar \u00fear sem f\u00f3lk kemur saman hvort heldur er \u00ed sk\u00f3lastarfi, leiklistarn\u00e1mskei\u00f0um e\u00f0a jafnvel bara \u00e1 \u00e6ttarm\u00f3tinu. Leikr\u00e6n tj\u00e1ning er \u00ed raun \u00e6fingabanki sem innheldur fj\u00f6lbreyttar \u00e6fingar \u00ed leikr\u00e6nni tj\u00e1ningu.<\/p>","protected":false},"featured_media":34211,"template":"","meta":{"_et_pb_use_builder":"","_et_pb_old_content":"","_et_gb_content_width":""},"product_brand":[],"product_cat":[87],"product_tag":[],"class_list":{"0":"post-34210","1":"product","2":"type-product","3":"status-publish","4":"has-post-thumbnail","6":"product_cat-baekur","8":"first","9":"instock","10":"taxable","11":"shipping-taxable","12":"purchasable","13":"product-type-simple"},"_links":{"self":[{"href":"https:\/\/leiklist.is\/en\/wp-json\/wp\/v2\/product\/34210","targetHints":{"allow":["GET"]}}],"collection":[{"href":"https:\/\/leiklist.is\/en\/wp-json\/wp\/v2\/product"}],"about":[{"href":"https:\/\/leiklist.is\/en\/wp-json\/wp\/v2\/types\/product"}],"wp:featuredmedia":[{"embeddable":true,"href":"https:\/\/leiklist.is\/en\/wp-json\/wp\/v2\/media\/34211"}],"wp:attachment":[{"href":"https:\/\/leiklist.is\/en\/wp-json\/wp\/v2\/media?parent=34210"}],"wp:term":[{"taxonomy":"product_brand","embeddable":true,"href":"https:\/\/leiklist.is\/en\/wp-json\/wp\/v2\/product_brand?post=34210"},{"taxonomy":"product_cat","embeddable":true,"href":"https:\/\/leiklist.is\/en\/wp-json\/wp\/v2\/product_cat?post=34210"},{"taxonomy":"product_tag","embeddable":true,"href":"https:\/\/leiklist.is\/en\/wp-json\/wp\/v2\/product_tag?post=34210"}],"curies":[{"name":"wp","href":"https:\/\/api.w.org\/{rel}","templated":true}]}}