{"id":34204,"date":"2020-05-20T15:17:53","date_gmt":"2020-05-20T15:17:53","guid":{"rendered":"https:\/\/leiklist.is\/?post_type=product&#038;p=34204"},"modified":"2024-03-20T13:07:29","modified_gmt":"2024-03-20T13:07:29","slug":"leiklist-a-vestfjordum","status":"publish","type":"product","link":"https:\/\/leiklist.is\/en\/product\/leiklist-a-vestfjordum\/","title":{"rendered":"Leiklist \u00e1 Vestfj\u00f6r\u00f0um"},"content":{"rendered":"<p>Elfar Logi Hannesson skrifar um s\u00f6gu leiklistar \u00e1 Vestfj\u00f6r\u00f0um. \u00dat eru komin ritin Leiklist \u00e1 B\u00edldudal og Leiklist og list \u00e1 \u00deingeyri. \u00d3metanlegar heimildir um listal\u00edfi\u00f0 \u00e1 Vestfj\u00f6r\u00f0um, pr\u00fdddar tugum lj\u00f3smynda.<br \/>\nVon er \u00e1 fleiri ritum um efni\u00f0 fr\u00e1 h\u00f6fundinum.<\/p>","protected":false},"excerpt":{"rendered":"<p>Elfar Logi Hannesson skrifar um s\u00f6gu leiklistar \u00e1 Vestfj\u00f6r\u00f0um. \u00dat eru komin ritin Leiklist \u00e1 B\u00edldudal og Leiklist og list \u00e1 \u00deingeyri. \u00d3metanlegar heimildir um listal\u00edfi\u00f0 \u00e1 Vestfj\u00f6r\u00f0um, pr\u00fdddar tugum lj\u00f3smynda. Von er \u00e1 fleiri ritum um efni\u00f0 fr\u00e1 h\u00f6fundinum.<\/p>","protected":false},"featured_media":34207,"template":"","meta":{"_et_pb_use_builder":"","_et_pb_old_content":"","_et_gb_content_width":""},"product_brand":[],"product_cat":[87],"product_tag":[],"class_list":{"0":"post-34204","1":"product","2":"type-product","3":"status-publish","4":"has-post-thumbnail","6":"product_cat-baekur","8":"first","9":"instock","10":"taxable","11":"shipping-taxable","12":"purchasable","13":"product-type-variable"},"_links":{"self":[{"href":"https:\/\/leiklist.is\/en\/wp-json\/wp\/v2\/product\/34204","targetHints":{"allow":["GET"]}}],"collection":[{"href":"https:\/\/leiklist.is\/en\/wp-json\/wp\/v2\/product"}],"about":[{"href":"https:\/\/leiklist.is\/en\/wp-json\/wp\/v2\/types\/product"}],"wp:featuredmedia":[{"embeddable":true,"href":"https:\/\/leiklist.is\/en\/wp-json\/wp\/v2\/media\/34207"}],"wp:attachment":[{"href":"https:\/\/leiklist.is\/en\/wp-json\/wp\/v2\/media?parent=34204"}],"wp:term":[{"taxonomy":"product_brand","embeddable":true,"href":"https:\/\/leiklist.is\/en\/wp-json\/wp\/v2\/product_brand?post=34204"},{"taxonomy":"product_cat","embeddable":true,"href":"https:\/\/leiklist.is\/en\/wp-json\/wp\/v2\/product_cat?post=34204"},{"taxonomy":"product_tag","embeddable":true,"href":"https:\/\/leiklist.is\/en\/wp-json\/wp\/v2\/product_tag?post=34204"}],"curies":[{"name":"wp","href":"https:\/\/api.w.org\/{rel}","templated":true}]}}