{"id":15829,"date":"2020-02-24T20:01:09","date_gmt":"2020-02-24T20:01:09","guid":{"rendered":"http:\/\/leiklist.websitetest.site\/product\/import-placeholder-for-6296\/"},"modified":"2024-03-08T14:12:31","modified_gmt":"2024-03-08T14:12:31","slug":"vistique-styling-make-up-kryolan","status":"publish","type":"product","link":"https:\/\/leiklist.is\/en\/product\/vistique-styling-make-up-kryolan\/","title":{"rendered":"Vistique Styling Make-up -Kryolan"},"content":{"rendered":"<p>Vistique Styling Make-up, \u00fer\u00edr h\u00fa\u00f0litir.<\/p>\n<p>Mj\u00f6g mj\u00fakur, \u00feekjandi og g\u00f3\u00f0ur far\u00f0i.<\/p>","protected":false},"excerpt":{"rendered":"<p>Vistique Styling Make-up, \u00fer\u00edr h\u00fa\u00f0litir. Mj\u00f6g mj\u00fakur, \u00feekjandi og g\u00f3\u00f0ur far\u00f0i.<\/p>","protected":false},"featured_media":15889,"template":"","meta":{"_et_pb_use_builder":"","_et_pb_old_content":"","_et_gb_content_width":""},"product_brand":[],"product_cat":[126,127],"product_tag":[75],"class_list":{"0":"post-15829","1":"product","2":"type-product","3":"status-publish","4":"has-post-thumbnail","6":"product_cat-andlits-likamslitir","7":"product_cat-make-up","8":"product_tag-kryolan","10":"first","11":"instock","12":"taxable","13":"shipping-taxable","14":"purchasable","15":"product-type-simple"},"_links":{"self":[{"href":"https:\/\/leiklist.is\/en\/wp-json\/wp\/v2\/product\/15829","targetHints":{"allow":["GET"]}}],"collection":[{"href":"https:\/\/leiklist.is\/en\/wp-json\/wp\/v2\/product"}],"about":[{"href":"https:\/\/leiklist.is\/en\/wp-json\/wp\/v2\/types\/product"}],"wp:featuredmedia":[{"embeddable":true,"href":"https:\/\/leiklist.is\/en\/wp-json\/wp\/v2\/media\/15889"}],"wp:attachment":[{"href":"https:\/\/leiklist.is\/en\/wp-json\/wp\/v2\/media?parent=15829"}],"wp:term":[{"taxonomy":"product_brand","embeddable":true,"href":"https:\/\/leiklist.is\/en\/wp-json\/wp\/v2\/product_brand?post=15829"},{"taxonomy":"product_cat","embeddable":true,"href":"https:\/\/leiklist.is\/en\/wp-json\/wp\/v2\/product_cat?post=15829"},{"taxonomy":"product_tag","embeddable":true,"href":"https:\/\/leiklist.is\/en\/wp-json\/wp\/v2\/product_tag?post=15829"}],"curies":[{"name":"wp","href":"https:\/\/api.w.org\/{rel}","templated":true}]}}