{"id":15805,"date":"2020-02-24T20:00:46","date_gmt":"2020-02-24T20:00:46","guid":{"rendered":"http:\/\/leiklist.websitetest.site\/product\/import-placeholder-for-6251\/"},"modified":"2026-01-21T09:36:56","modified_gmt":"2026-01-21T09:36:56","slug":"mascaraburstar-25-stk-i-pakka","status":"publish","type":"product","link":"https:\/\/leiklist.is\/en\/product\/mascaraburstar-25-stk-i-pakka\/","title":{"rendered":"Mascaraburstar einnota, 25 stk. \u00ed pakka"},"content":{"rendered":"<p>Mascaraburstar, 25 stk. \u00ed pakka. Fr\u00e1 Kryolan.<\/p>","protected":false},"excerpt":{"rendered":"<p>Mascaraburstar, 25 stk. \u00ed pakka. Fr\u00e1 Kryolan.<\/p>","protected":false},"featured_media":15870,"template":"","meta":{"_et_pb_use_builder":"","_et_pb_old_content":"","_et_gb_content_width":""},"product_brand":[],"product_cat":[140],"product_tag":[75],"class_list":{"0":"post-15805","1":"product","2":"type-product","3":"status-publish","4":"has-post-thumbnail","6":"product_cat-penslar-ahold","7":"product_tag-kryolan","9":"first","10":"instock","11":"taxable","12":"shipping-taxable","13":"purchasable","14":"product-type-simple"},"_links":{"self":[{"href":"https:\/\/leiklist.is\/en\/wp-json\/wp\/v2\/product\/15805","targetHints":{"allow":["GET"]}}],"collection":[{"href":"https:\/\/leiklist.is\/en\/wp-json\/wp\/v2\/product"}],"about":[{"href":"https:\/\/leiklist.is\/en\/wp-json\/wp\/v2\/types\/product"}],"wp:featuredmedia":[{"embeddable":true,"href":"https:\/\/leiklist.is\/en\/wp-json\/wp\/v2\/media\/15870"}],"wp:attachment":[{"href":"https:\/\/leiklist.is\/en\/wp-json\/wp\/v2\/media?parent=15805"}],"wp:term":[{"taxonomy":"product_brand","embeddable":true,"href":"https:\/\/leiklist.is\/en\/wp-json\/wp\/v2\/product_brand?post=15805"},{"taxonomy":"product_cat","embeddable":true,"href":"https:\/\/leiklist.is\/en\/wp-json\/wp\/v2\/product_cat?post=15805"},{"taxonomy":"product_tag","embeddable":true,"href":"https:\/\/leiklist.is\/en\/wp-json\/wp\/v2\/product_tag?post=15805"}],"curies":[{"name":"wp","href":"https:\/\/api.w.org\/{rel}","templated":true}]}}