{"id":15802,"date":"2020-02-24T20:00:45","date_gmt":"2020-02-24T20:00:45","guid":{"rendered":"http:\/\/leiklist.websitetest.site\/product\/import-placeholder-for-6247\/"},"modified":"2023-01-24T15:22:38","modified_gmt":"2023-01-24T15:22:38","slug":"penslar-gervihar-kryolan","status":"publish","type":"product","link":"https:\/\/leiklist.is\/en\/product\/penslar-gervihar-kryolan\/","title":{"rendered":"Penslar &#8211; gervih\u00e1r fr\u00e1 Kryolan"},"content":{"rendered":"<p>Penslar \u00far gervih\u00e1ri fr\u00e1 Kryolan. Henta vel fyrir byrjendur.<\/p>","protected":false},"excerpt":{"rendered":"<p>Penslar \u00far gervih\u00e1ri fr\u00e1 Kryolan. Henta vel fyrir byrjendur.<\/p>","protected":false},"featured_media":37147,"template":"","meta":{"_et_pb_use_builder":"","_et_pb_old_content":"","_et_gb_content_width":""},"product_brand":[],"product_cat":[140],"product_tag":[75],"class_list":{"0":"post-15802","1":"product","2":"type-product","3":"status-publish","4":"has-post-thumbnail","6":"product_cat-penslar-ahold","7":"product_tag-kryolan","9":"first","10":"outofstock","11":"taxable","12":"shipping-taxable","13":"purchasable","14":"product-type-variable"},"_links":{"self":[{"href":"https:\/\/leiklist.is\/en\/wp-json\/wp\/v2\/product\/15802","targetHints":{"allow":["GET"]}}],"collection":[{"href":"https:\/\/leiklist.is\/en\/wp-json\/wp\/v2\/product"}],"about":[{"href":"https:\/\/leiklist.is\/en\/wp-json\/wp\/v2\/types\/product"}],"wp:featuredmedia":[{"embeddable":true,"href":"https:\/\/leiklist.is\/en\/wp-json\/wp\/v2\/media\/37147"}],"wp:attachment":[{"href":"https:\/\/leiklist.is\/en\/wp-json\/wp\/v2\/media?parent=15802"}],"wp:term":[{"taxonomy":"product_brand","embeddable":true,"href":"https:\/\/leiklist.is\/en\/wp-json\/wp\/v2\/product_brand?post=15802"},{"taxonomy":"product_cat","embeddable":true,"href":"https:\/\/leiklist.is\/en\/wp-json\/wp\/v2\/product_cat?post=15802"},{"taxonomy":"product_tag","embeddable":true,"href":"https:\/\/leiklist.is\/en\/wp-json\/wp\/v2\/product_tag?post=15802"}],"curies":[{"name":"wp","href":"https:\/\/api.w.org\/{rel}","templated":true}]}}