{"id":15801,"date":"2020-02-24T20:00:45","date_gmt":"2020-02-24T20:00:45","guid":{"rendered":"http:\/\/leiklist.websitetest.site\/product\/import-placeholder-for-6245\/"},"modified":"2025-09-15T09:27:20","modified_gmt":"2025-09-15T09:27:20","slug":"penslar-mardarhar","status":"publish","type":"product","link":"https:\/\/leiklist.is\/en\/product\/penslar-mardarhar\/","title":{"rendered":"Penslar, mar\u00f0arh\u00e1r"},"content":{"rendered":"<p><a href=\"https:\/\/dramashop.dk\/maarhaarpensler-rundbuetvisagie\">N\u00e1nari uppl\u00fdsingar<\/a><\/p>\n<p>Pensill, ekta mar\u00f0arh\u00e1r svartir. Nokkrar st\u00e6r\u00f0ir. Beinir, sk\u00e1skormnir og oddmj\u00f3ir.<\/p>","protected":false},"excerpt":{"rendered":"<p>N\u00e1nari uppl\u00fdsingar Pensill, ekta mar\u00f0arh\u00e1r svartir. Nokkrar st\u00e6r\u00f0ir. Beinir, sk\u00e1skormnir og oddmj\u00f3ir.<\/p>","protected":false},"featured_media":15866,"template":"","meta":{"_et_pb_use_builder":"","_et_pb_old_content":"","_et_gb_content_width":""},"product_brand":[],"product_cat":[140],"product_tag":[70],"class_list":{"0":"post-15801","1":"product","2":"type-product","3":"status-publish","4":"has-post-thumbnail","6":"product_cat-penslar-ahold","7":"product_tag-grimas","9":"first","10":"instock","11":"taxable","12":"shipping-taxable","13":"purchasable","14":"product-type-variable"},"_links":{"self":[{"href":"https:\/\/leiklist.is\/en\/wp-json\/wp\/v2\/product\/15801","targetHints":{"allow":["GET"]}}],"collection":[{"href":"https:\/\/leiklist.is\/en\/wp-json\/wp\/v2\/product"}],"about":[{"href":"https:\/\/leiklist.is\/en\/wp-json\/wp\/v2\/types\/product"}],"wp:featuredmedia":[{"embeddable":true,"href":"https:\/\/leiklist.is\/en\/wp-json\/wp\/v2\/media\/15866"}],"wp:attachment":[{"href":"https:\/\/leiklist.is\/en\/wp-json\/wp\/v2\/media?parent=15801"}],"wp:term":[{"taxonomy":"product_brand","embeddable":true,"href":"https:\/\/leiklist.is\/en\/wp-json\/wp\/v2\/product_brand?post=15801"},{"taxonomy":"product_cat","embeddable":true,"href":"https:\/\/leiklist.is\/en\/wp-json\/wp\/v2\/product_cat?post=15801"},{"taxonomy":"product_tag","embeddable":true,"href":"https:\/\/leiklist.is\/en\/wp-json\/wp\/v2\/product_tag?post=15801"}],"curies":[{"name":"wp","href":"https:\/\/api.w.org\/{rel}","templated":true}]}}