{"id":15799,"date":"2020-02-24T20:00:45","date_gmt":"2020-02-24T20:00:45","guid":{"rendered":"http:\/\/leiklist.websitetest.site\/product\/import-placeholder-for-6242\/"},"modified":"2023-01-17T09:31:24","modified_gmt":"2023-01-17T09:31:24","slug":"pudurbursti","status":"publish","type":"product","link":"https:\/\/leiklist.is\/en\/product\/pudurbursti\/","title":{"rendered":"P\u00fa\u00f0urbursti"},"content":{"rendered":"<p>P\u00fa\u00f0urbursti.<\/p>","protected":false},"excerpt":{"rendered":"<p>P\u00fa\u00f0urbursti.<\/p>","protected":false},"featured_media":15864,"template":"","meta":{"_et_pb_use_builder":"","_et_pb_old_content":"","_et_gb_content_width":""},"product_brand":[],"product_cat":[140],"product_tag":[75],"class_list":{"0":"post-15799","1":"product","2":"type-product","3":"status-publish","4":"has-post-thumbnail","6":"product_cat-penslar-ahold","7":"product_tag-kryolan","9":"first","10":"instock","11":"taxable","12":"shipping-taxable","13":"purchasable","14":"product-type-simple"},"_links":{"self":[{"href":"https:\/\/leiklist.is\/en\/wp-json\/wp\/v2\/product\/15799","targetHints":{"allow":["GET"]}}],"collection":[{"href":"https:\/\/leiklist.is\/en\/wp-json\/wp\/v2\/product"}],"about":[{"href":"https:\/\/leiklist.is\/en\/wp-json\/wp\/v2\/types\/product"}],"wp:featuredmedia":[{"embeddable":true,"href":"https:\/\/leiklist.is\/en\/wp-json\/wp\/v2\/media\/15864"}],"wp:attachment":[{"href":"https:\/\/leiklist.is\/en\/wp-json\/wp\/v2\/media?parent=15799"}],"wp:term":[{"taxonomy":"product_brand","embeddable":true,"href":"https:\/\/leiklist.is\/en\/wp-json\/wp\/v2\/product_brand?post=15799"},{"taxonomy":"product_cat","embeddable":true,"href":"https:\/\/leiklist.is\/en\/wp-json\/wp\/v2\/product_cat?post=15799"},{"taxonomy":"product_tag","embeddable":true,"href":"https:\/\/leiklist.is\/en\/wp-json\/wp\/v2\/product_tag?post=15799"}],"curies":[{"name":"wp","href":"https:\/\/api.w.org\/{rel}","templated":true}]}}