{"id":15798,"date":"2020-02-24T20:00:45","date_gmt":"2020-02-24T20:00:45","guid":{"rendered":"http:\/\/leiklist.websitetest.site\/product\/import-placeholder-for-6239\/"},"modified":"2026-02-14T18:17:22","modified_gmt":"2026-02-14T18:17:22","slug":"pudur-og-kinnalitaburstar-grimas","status":"publish","type":"product","link":"https:\/\/leiklist.is\/en\/product\/pudur-og-kinnalitaburstar-grimas\/","title":{"rendered":"P\u00fa\u00f0ur og kinnalitaburstar -Grimas"},"content":{"rendered":"<p><em>P\u00fa\u00f0ur og kinnalitaburstar fr\u00e1 Grimas<\/em><\/p>\n<p>Burstarnir eru \u00far mj\u00faku, eftirgefanlegu hrossh\u00e1ri og s\u00e9rstaklega f\u00ednir til a\u00f0 bursta \u00e1 p\u00fa\u00f0ur, kinnalit og skyggingar. Burstarnir koma \u00ed 4 st\u00e6r\u00f0um; nr. 4 , nr. 6, nr. 8 \u00a0og nr. 10.<\/p>\n<p>Minni st\u00e6r\u00f0irnar henta best \u00ed kinnalitinn og til a\u00f0 skyggja me\u00f0 en s\u00e1 st\u00e6rsti er bestur \u00ed p\u00fa\u00f0ri\u00f0.<\/p>\n<p>Best er a\u00f0 hreinsa burstana me\u00f0 h\u00e1r\u00fevottaefni e\u00f0a hands\u00e1pu og vatni. Skoli\u00f0 svo vel og hristi\u00f0 og leggi\u00f0 burstana svo flata \u00e1 kl\u00fat \u00e1 me\u00f0an \u00feeir \u00feorna. Ekki l\u00e1ta \u00fe\u00e1 \u00feorna standandi upp\u00e1 endann \u00fev\u00ed \u00fe\u00e1 seytlar bleytan ni\u00f0ur \u00ed skafti\u00f0 og skemmir \u00fea\u00f0.<\/p>","protected":false},"excerpt":{"rendered":"<p>P\u00fa\u00f0ur og kinnalitaburstar fr\u00e1 Grimas Burstarnir eru \u00far mj\u00faku, eftirgefanlegu hrossh\u00e1ri og s\u00e9rstaklega f\u00ednir til a\u00f0 bursta \u00e1 p\u00fa\u00f0ur, kinnalit og skyggingar. Burstarnir koma \u00ed 4 st\u00e6r\u00f0um; nr. 4 , nr. 6, nr. 8 \u00a0og nr. 10. Minni st\u00e6r\u00f0irnar henta best \u00ed kinnalitinn og til a\u00f0 skyggja me\u00f0 en s\u00e1 st\u00e6rsti er bestur \u00ed p\u00fa\u00f0ri\u00f0. [&hellip;]<\/p>\n","protected":false},"featured_media":15852,"template":"","meta":{"_et_pb_use_builder":"","_et_pb_old_content":"","_et_gb_content_width":""},"product_brand":[],"product_cat":[140],"product_tag":[70],"class_list":{"0":"post-15798","1":"product","2":"type-product","3":"status-publish","4":"has-post-thumbnail","6":"product_cat-penslar-ahold","7":"product_tag-grimas","9":"first","10":"instock","11":"taxable","12":"shipping-taxable","13":"purchasable","14":"product-type-variable"},"_links":{"self":[{"href":"https:\/\/leiklist.is\/en\/wp-json\/wp\/v2\/product\/15798","targetHints":{"allow":["GET"]}}],"collection":[{"href":"https:\/\/leiklist.is\/en\/wp-json\/wp\/v2\/product"}],"about":[{"href":"https:\/\/leiklist.is\/en\/wp-json\/wp\/v2\/types\/product"}],"wp:featuredmedia":[{"embeddable":true,"href":"https:\/\/leiklist.is\/en\/wp-json\/wp\/v2\/media\/15852"}],"wp:attachment":[{"href":"https:\/\/leiklist.is\/en\/wp-json\/wp\/v2\/media?parent=15798"}],"wp:term":[{"taxonomy":"product_brand","embeddable":true,"href":"https:\/\/leiklist.is\/en\/wp-json\/wp\/v2\/product_brand?post=15798"},{"taxonomy":"product_cat","embeddable":true,"href":"https:\/\/leiklist.is\/en\/wp-json\/wp\/v2\/product_cat?post=15798"},{"taxonomy":"product_tag","embeddable":true,"href":"https:\/\/leiklist.is\/en\/wp-json\/wp\/v2\/product_tag?post=15798"}],"curies":[{"name":"wp","href":"https:\/\/api.w.org\/{rel}","templated":true}]}}