{"id":15797,"date":"2020-02-24T20:00:45","date_gmt":"2020-02-24T20:00:45","guid":{"rendered":"http:\/\/leiklist.websitetest.site\/product\/import-placeholder-for-6236\/"},"modified":"2023-01-17T09:34:11","modified_gmt":"2023-01-17T09:34:11","slug":"bursti-3-cm-breidur","status":"publish","type":"product","link":"https:\/\/leiklist.is\/en\/product\/bursti-3-cm-breidur\/","title":{"rendered":"Bursti, 3 cm. brei\u00f0ur"},"content":{"rendered":"<p>Bursti, 3 cm. brei\u00f0ur, sk\u00e1sni\u00f0inn.<\/p>\n<p><a href=\"https:\/\/global.kryolan.com\/product\/premium-duster-brush\">N\u00e1nari uppl\u00fdsingar.<\/a><\/p>","protected":false},"excerpt":{"rendered":"<p>P\u00fa\u00f0urbursti nr. 1711 fr\u00e1 Kryolan.<\/p>","protected":false},"featured_media":15851,"template":"","meta":{"_et_pb_use_builder":"","_et_pb_old_content":"","_et_gb_content_width":""},"product_brand":[],"product_cat":[140],"product_tag":[75],"class_list":{"0":"post-15797","1":"product","2":"type-product","3":"status-publish","4":"has-post-thumbnail","6":"product_cat-penslar-ahold","7":"product_tag-kryolan","9":"first","10":"instock","11":"taxable","12":"shipping-taxable","13":"purchasable","14":"product-type-simple"},"_links":{"self":[{"href":"https:\/\/leiklist.is\/en\/wp-json\/wp\/v2\/product\/15797","targetHints":{"allow":["GET"]}}],"collection":[{"href":"https:\/\/leiklist.is\/en\/wp-json\/wp\/v2\/product"}],"about":[{"href":"https:\/\/leiklist.is\/en\/wp-json\/wp\/v2\/types\/product"}],"wp:featuredmedia":[{"embeddable":true,"href":"https:\/\/leiklist.is\/en\/wp-json\/wp\/v2\/media\/15851"}],"wp:attachment":[{"href":"https:\/\/leiklist.is\/en\/wp-json\/wp\/v2\/media?parent=15797"}],"wp:term":[{"taxonomy":"product_brand","embeddable":true,"href":"https:\/\/leiklist.is\/en\/wp-json\/wp\/v2\/product_brand?post=15797"},{"taxonomy":"product_cat","embeddable":true,"href":"https:\/\/leiklist.is\/en\/wp-json\/wp\/v2\/product_cat?post=15797"},{"taxonomy":"product_tag","embeddable":true,"href":"https:\/\/leiklist.is\/en\/wp-json\/wp\/v2\/product_tag?post=15797"}],"curies":[{"name":"wp","href":"https:\/\/api.w.org\/{rel}","templated":true}]}}