{"id":15796,"date":"2020-02-24T20:00:45","date_gmt":"2020-02-24T20:00:45","guid":{"rendered":"http:\/\/leiklist.websitetest.site\/product\/import-placeholder-for-6191\/"},"modified":"2023-11-28T15:35:47","modified_gmt":"2023-11-28T15:35:47","slug":"dirt-paste","status":"publish","type":"product","link":"https:\/\/leiklist.is\/en\/product\/dirt-paste\/","title":{"rendered":"Dirt Paste"},"content":{"rendered":"<p class=\"p1\"><em>Dirt Paste<\/em> fr\u00e1 Grimas er gulleitt, \u00feykkt og sl\u00edmkennt efni sem m\u00e1 bera beint \u00e1 h\u00fa\u00f0ina til a\u00f0 b\u00faa til \u00fdmsa \u201eeffekta\u201d. \u00dea\u00f0 er h\u00e6gt a\u00f0 m\u00f3ta \u00fea\u00f0 \u00ed nokkurn t\u00edma eftir a\u00f0 \u00fea\u00f0 er bori\u00f0 \u00e1 en \u00fea\u00f0 st\u00edfnar svo alveg. \u00de\u00e1 m\u00e1 lita \u00fea\u00f0 t.d. me\u00f0 Grimas vatnslitunum. Varan f\u00e6st \u00ed 60 ml. t\u00fabum.<\/p>\n<p>Til a\u00f0 efni\u00f0 festi sig vel vi\u00f0 h\u00fa\u00f0ina er nau\u00f0synlegt a\u00f0 hreinsa hana vel fyrst og passa a\u00f0 h\u00fan s\u00e9 alveg fitufr\u00ed. Beri\u00f0 efni\u00f0 \u00e1 me\u00f0 spa\u00f0a og m\u00f3ti\u00f0 a\u00f0 vild. Loki\u00f0 t\u00fabunni vel eftir notkun.<\/p>\n<p class=\"p2\">Til a\u00f0 n\u00e1 efninu af h\u00fa\u00f0inni skal skrapa \u00fea\u00f0 af me\u00f0 spa\u00f0a og \u00fevo \u00fea\u00f0 sem eftir ver\u00f0ur fyrst me\u00f0 k\u00f6ldu vatni en s\u00ed\u00f0an me\u00f0 volgu vatni og s\u00e1pu.<\/p>\n<p class=\"p1\">Ef efni\u00f0 fer \u00ed f\u00f6t skal byrja \u00e1 a\u00f0 l\u00e1ta renna \u00e1 \u00fea\u00f0 vatn \u00far krananaum. S\u00ed\u00f0an skal leggja fl\u00edkina \u00ed bleyti \u00ed vatn blanda\u00f0 Biotexi. Fl\u00edkin er s\u00ed\u00f0an anna\u00f0 hvort \u00fevegin \u00ed h\u00f6ndunum e\u00f0a sett \u00ed \u00fevottav\u00e9l.<\/p>\n<p class=\"p2\"><a href=\"https:\/\/www.grimas.nl\/website\/web2\/index.php?onderwerp=001494aa\">Innihaldsl\u00fdsing og n\u00e1nari uppl\u00fdsingar.<\/a><\/p>","protected":false},"excerpt":{"rendered":"<p>Dirt Paste fr\u00e1 Grimas er gulleitt, \u00feykkt og sl\u00edmkennt efni sem m\u00e1 bera beint \u00e1 h\u00fa\u00f0ina til a\u00f0 b\u00faa til \u00fdmsa \u201eeffekta\u201d. \u00dea\u00f0 er h\u00e6gt a\u00f0 m\u00f3ta \u00fea\u00f0 \u00ed nokkurn t\u00edma eftir a\u00f0 \u00fea\u00f0 er bori\u00f0 \u00e1 en \u00fea\u00f0 st\u00edfnar svo alveg. \u00de\u00e1 m\u00e1 lita \u00fea\u00f0 t.d. me\u00f0 Grimas vatnslitunum. Varan f\u00e6st \u00ed 60 ml. [&hellip;]<\/p>\n","protected":false},"featured_media":36829,"template":"","meta":{"_et_pb_use_builder":"","_et_pb_old_content":"","_et_gb_content_width":""},"product_brand":[],"product_cat":[247,82],"product_tag":[70],"class_list":{"0":"post-15796","1":"product","2":"type-product","3":"status-publish","4":"has-post-thumbnail","6":"product_cat-sar","7":"product_cat-ymislegt","8":"product_tag-grimas","10":"first","11":"instock","12":"taxable","13":"shipping-taxable","14":"purchasable","15":"product-type-simple"},"_links":{"self":[{"href":"https:\/\/leiklist.is\/en\/wp-json\/wp\/v2\/product\/15796","targetHints":{"allow":["GET"]}}],"collection":[{"href":"https:\/\/leiklist.is\/en\/wp-json\/wp\/v2\/product"}],"about":[{"href":"https:\/\/leiklist.is\/en\/wp-json\/wp\/v2\/types\/product"}],"wp:featuredmedia":[{"embeddable":true,"href":"https:\/\/leiklist.is\/en\/wp-json\/wp\/v2\/media\/36829"}],"wp:attachment":[{"href":"https:\/\/leiklist.is\/en\/wp-json\/wp\/v2\/media?parent=15796"}],"wp:term":[{"taxonomy":"product_brand","embeddable":true,"href":"https:\/\/leiklist.is\/en\/wp-json\/wp\/v2\/product_brand?post=15796"},{"taxonomy":"product_cat","embeddable":true,"href":"https:\/\/leiklist.is\/en\/wp-json\/wp\/v2\/product_cat?post=15796"},{"taxonomy":"product_tag","embeddable":true,"href":"https:\/\/leiklist.is\/en\/wp-json\/wp\/v2\/product_tag?post=15796"}],"curies":[{"name":"wp","href":"https:\/\/api.w.org\/{rel}","templated":true}]}}