{"id":15788,"date":"2020-02-24T20:00:21","date_gmt":"2020-02-24T20:00:21","guid":{"rendered":"http:\/\/leiklist.websitetest.site\/product\/import-placeholder-for-6189\/"},"modified":"2026-03-13T12:49:30","modified_gmt":"2026-03-13T12:49:30","slug":"tannlakk","status":"publish","type":"product","link":"https:\/\/leiklist.is\/en\/product\/tannlakk\/","title":{"rendered":"Tannlakk"},"content":{"rendered":"<p><em>Tannlakk fr\u00e1 Grimas og Kryolan.\u00a0<\/em><\/p>\n<p>Tannlakk er flj\u00f3tandi alcoholbasera\u00f0 efni sem \u00e6tla\u00f0 er til litunar \u00e1 t\u00f6nnum. \u00dea\u00f0 kemur \u00ed 10 ml. gl\u00f6sum me\u00f0 pensli. \u00dea\u00f0 er framleitt \u00ed 6 litum; svart, hv\u00edtt, gull, rautt, nik\u00f3t\u00edn og d\u00f6kkbr\u00fant.<br \/>\nHristi\u00f0 fl\u00f6skuna vel fyrir notkun og \u00feurrki\u00f0 tennurnar vel. Beri\u00f0 svo \u00e1 me\u00f0 penslinum og leyfi\u00f0 litlum a\u00f0 \u00feorna sm\u00e1 stund. Noti\u00f0 litinn ekki \u00e1 gerfitennur e\u00f0a tennur me\u00f0 postul\u00ednsfyllingum \u00fear sem h\u00e6tta er a\u00f0 \u00e1 a\u00f0 erfitt s\u00e9 a\u00f0 n\u00e1 litnum af.<br \/>\nLiturinn n\u00e6st af me\u00f0 \u00fev\u00ed a\u00f0 bursta tennurnar vel me\u00f0 tannkremi.<\/p>\n<p>S<a href=\"http:\/\/www.grimas.nl\/website\/web2\/index.php?onderwerp=000106dd\">j\u00e1 myndband um notkun og n\u00e1nari uppl\u00fdsingar<\/a><\/p>\n<p><a href=\"http:\/\/www.grimas.nl\/website\/web2\/index.php?onderwerp=000016hh\">Innihaldsl\u00fdsing<\/a><\/p>","protected":false},"excerpt":{"rendered":"<p>Tannlakk fr\u00e1 Grimas og Kryolan.\u00a0 Tannlakk er flj\u00f3tandi alcoholbasera\u00f0 efni sem \u00e6tla\u00f0 er til litunar \u00e1 t\u00f6nnum. \u00dea\u00f0 kemur \u00ed 10 ml. gl\u00f6sum me\u00f0 pensli. \u00dea\u00f0 er framleitt \u00ed 6 litum; svart, hv\u00edtt, gull, rautt, nik\u00f3t\u00edn og d\u00f6kkbr\u00fant. Hristi\u00f0 fl\u00f6skuna vel fyrir notkun og \u00feurrki\u00f0 tennurnar vel. Beri\u00f0 svo \u00e1 me\u00f0 penslinum og leyfi\u00f0 litlum [&hellip;]<\/p>\n","protected":false},"featured_media":15845,"template":"","meta":{"_et_pb_use_builder":"","_et_pb_old_content":"","_et_gb_content_width":""},"product_brand":[],"product_cat":[244,82],"product_tag":[70],"class_list":{"0":"post-15788","1":"product","2":"type-product","3":"status-publish","4":"has-post-thumbnail","6":"product_cat-tennur","7":"product_cat-ymislegt","8":"product_tag-grimas","10":"first","11":"instock","12":"taxable","13":"shipping-taxable","14":"purchasable","15":"product-type-variable"},"_links":{"self":[{"href":"https:\/\/leiklist.is\/en\/wp-json\/wp\/v2\/product\/15788","targetHints":{"allow":["GET"]}}],"collection":[{"href":"https:\/\/leiklist.is\/en\/wp-json\/wp\/v2\/product"}],"about":[{"href":"https:\/\/leiklist.is\/en\/wp-json\/wp\/v2\/types\/product"}],"wp:featuredmedia":[{"embeddable":true,"href":"https:\/\/leiklist.is\/en\/wp-json\/wp\/v2\/media\/15845"}],"wp:attachment":[{"href":"https:\/\/leiklist.is\/en\/wp-json\/wp\/v2\/media?parent=15788"}],"wp:term":[{"taxonomy":"product_brand","embeddable":true,"href":"https:\/\/leiklist.is\/en\/wp-json\/wp\/v2\/product_brand?post=15788"},{"taxonomy":"product_cat","embeddable":true,"href":"https:\/\/leiklist.is\/en\/wp-json\/wp\/v2\/product_cat?post=15788"},{"taxonomy":"product_tag","embeddable":true,"href":"https:\/\/leiklist.is\/en\/wp-json\/wp\/v2\/product_tag?post=15788"}],"curies":[{"name":"wp","href":"https:\/\/api.w.org\/{rel}","templated":true}]}}