{"id":15787,"date":"2020-02-24T20:00:21","date_gmt":"2020-02-24T20:00:21","guid":{"rendered":"http:\/\/leiklist.websitetest.site\/product\/import-placeholder-for-6186\/"},"modified":"2026-02-18T20:31:19","modified_gmt":"2026-02-18T20:31:19","slug":"sealer","status":"publish","type":"product","link":"https:\/\/leiklist.is\/en\/product\/sealer\/","title":{"rendered":"Sealer"},"content":{"rendered":"<p>Sealer me\u00f0 pensli 30 ml. flaska.<\/p>\n<p>Sealer er gagns\u00e6r v\u00f6kvi nota\u00f0ur til a\u00f0 bera \u00e1 og verja latex, fro\u00f0u, vax og samb\u00e6rilega gervil\u00edkamshluta og l\u00fdti. Berist \u00e1 me\u00f0 pensli. G\u00e6ti\u00f0 \u00feess a\u00f0 bera ca. 1 cm \u00fat fyrir. H\u00e6gt a\u00f0 \u00feynna \u00fat me\u00f0 Spirit Gum Remover e\u00f0a alk\u00f3h\u00f3llausn.<\/p>\n<p><a href=\"https:\/\/global.kryolan.com\/product\/sealer-30-ml\">N\u00e1nari uppl\u00fdsingar.<\/a><\/p>\n<p>&nbsp;<\/p>","protected":false},"excerpt":{"rendered":"<p>Sealer me\u00f0 pensli 30 ml. flaska. Sealer er gagns\u00e6r v\u00f6kvi nota\u00f0ur til a\u00f0 bera \u00e1 og verja latex, fro\u00f0u, vax og samb\u00e6rilega gervil\u00edkamshluta og l\u00fdti. Berist \u00e1 me\u00f0 pensli. G\u00e6ti\u00f0 \u00feess a\u00f0 bera ca. 1 cm \u00fat fyrir. H\u00e6gt a\u00f0 \u00feynna \u00fat me\u00f0 Spirit Gum Remover e\u00f0a alk\u00f3h\u00f3llausn. N\u00e1nari uppl\u00fdsingar. &nbsp;<\/p>","protected":false},"featured_media":36685,"template":"","meta":{"_et_pb_use_builder":"","_et_pb_old_content":"","_et_gb_content_width":""},"product_brand":[],"product_cat":[136,82],"product_tag":[75],"class_list":{"0":"post-15787","1":"product","2":"type-product","3":"status-publish","4":"has-post-thumbnail","6":"product_cat-lim-gervagerd","7":"product_cat-ymislegt","8":"product_tag-kryolan","10":"first","11":"instock","12":"taxable","13":"shipping-taxable","14":"purchasable","15":"product-type-simple"},"_links":{"self":[{"href":"https:\/\/leiklist.is\/en\/wp-json\/wp\/v2\/product\/15787","targetHints":{"allow":["GET"]}}],"collection":[{"href":"https:\/\/leiklist.is\/en\/wp-json\/wp\/v2\/product"}],"about":[{"href":"https:\/\/leiklist.is\/en\/wp-json\/wp\/v2\/types\/product"}],"wp:featuredmedia":[{"embeddable":true,"href":"https:\/\/leiklist.is\/en\/wp-json\/wp\/v2\/media\/36685"}],"wp:attachment":[{"href":"https:\/\/leiklist.is\/en\/wp-json\/wp\/v2\/media?parent=15787"}],"wp:term":[{"taxonomy":"product_brand","embeddable":true,"href":"https:\/\/leiklist.is\/en\/wp-json\/wp\/v2\/product_brand?post=15787"},{"taxonomy":"product_cat","embeddable":true,"href":"https:\/\/leiklist.is\/en\/wp-json\/wp\/v2\/product_cat?post=15787"},{"taxonomy":"product_tag","embeddable":true,"href":"https:\/\/leiklist.is\/en\/wp-json\/wp\/v2\/product_tag?post=15787"}],"curies":[{"name":"wp","href":"https:\/\/api.w.org\/{rel}","templated":true}]}}