{"id":15786,"date":"2020-02-24T20:00:21","date_gmt":"2020-02-24T20:00:21","guid":{"rendered":"http:\/\/leiklist.websitetest.site\/product\/import-placeholder-for-6184\/"},"modified":"2025-10-31T11:05:51","modified_gmt":"2025-10-31T11:05:51","slug":"collodion","status":"publish","type":"product","link":"https:\/\/leiklist.is\/en\/product\/collodion\/","title":{"rendered":"Collodion"},"content":{"rendered":"<p>Collodion me\u00f0 pensli fr\u00e1 Kryolan 11 e\u00f0a 30 ml. flaska. Til a\u00f0 b\u00faa til \u00f6r og s\u00e1r. \u00a0<a href=\"https:\/\/global.kryolan.com\/product\/collodion-30-ml\">N\u00e1nari uppl\u00fdsingar<\/a>.<br \/>\n<a href=\"https:\/\/youtu.be\/LNiFVl8r12s?si=qGyHqUmFCcW3sLmU\">Myndband sem s\u00fdnir notkun<\/a>.<\/p>","protected":false},"excerpt":{"rendered":"<p>Collodion me\u00f0 pensli fr\u00e1 Kryolan 11 e\u00f0a 30 ml. flaska. Til a\u00f0 b\u00faa til \u00f6r og s\u00e1r. \u00a0N\u00e1nari uppl\u00fdsingar. Myndband sem s\u00fdnir notkun.<\/p>","protected":false},"featured_media":15843,"template":"","meta":{"_et_pb_use_builder":"","_et_pb_old_content":"","_et_gb_content_width":""},"product_brand":[],"product_cat":[100,247,82],"product_tag":[75],"class_list":{"0":"post-15786","1":"product","2":"type-product","3":"status-publish","4":"has-post-thumbnail","6":"product_cat-gervagerd","7":"product_cat-sar","8":"product_cat-ymislegt","9":"product_tag-kryolan","11":"first","12":"outofstock","13":"taxable","14":"shipping-taxable","15":"purchasable","16":"product-type-variable"},"_links":{"self":[{"href":"https:\/\/leiklist.is\/en\/wp-json\/wp\/v2\/product\/15786","targetHints":{"allow":["GET"]}}],"collection":[{"href":"https:\/\/leiklist.is\/en\/wp-json\/wp\/v2\/product"}],"about":[{"href":"https:\/\/leiklist.is\/en\/wp-json\/wp\/v2\/types\/product"}],"wp:featuredmedia":[{"embeddable":true,"href":"https:\/\/leiklist.is\/en\/wp-json\/wp\/v2\/media\/15843"}],"wp:attachment":[{"href":"https:\/\/leiklist.is\/en\/wp-json\/wp\/v2\/media?parent=15786"}],"wp:term":[{"taxonomy":"product_brand","embeddable":true,"href":"https:\/\/leiklist.is\/en\/wp-json\/wp\/v2\/product_brand?post=15786"},{"taxonomy":"product_cat","embeddable":true,"href":"https:\/\/leiklist.is\/en\/wp-json\/wp\/v2\/product_cat?post=15786"},{"taxonomy":"product_tag","embeddable":true,"href":"https:\/\/leiklist.is\/en\/wp-json\/wp\/v2\/product_tag?post=15786"}],"curies":[{"name":"wp","href":"https:\/\/api.w.org\/{rel}","templated":true}]}}