{"id":15784,"date":"2020-02-24T20:00:21","date_gmt":"2020-02-24T20:00:21","guid":{"rendered":"http:\/\/leiklist.websitetest.site\/product\/import-placeholder-for-6179\/"},"modified":"2026-02-13T09:50:09","modified_gmt":"2026-02-13T09:50:09","slug":"stalspadi","status":"publish","type":"product","link":"https:\/\/leiklist.is\/en\/product\/stalspadi\/","title":{"rendered":"St\u00e1lspa\u00f0i"},"content":{"rendered":"<p>St\u00e1lspa\u00f0i, 18 cm.<\/p>\n<p>&nbsp;<\/p>","protected":false},"excerpt":{"rendered":"<p>St\u00e1lspa\u00f0i, 18 cm. &nbsp;<\/p>","protected":false},"featured_media":15836,"template":"","meta":{"_et_pb_use_builder":"","_et_pb_old_content":"","_et_gb_content_width":""},"product_brand":[],"product_cat":[124,131],"product_tag":[75],"class_list":{"0":"post-15784","1":"product","2":"type-product","3":"status-publish","4":"has-post-thumbnail","6":"product_cat-latex-vax-gervagerd","7":"product_cat-onnur-ahold-ahold","8":"product_tag-kryolan","10":"first","11":"instock","12":"taxable","13":"shipping-taxable","14":"purchasable","15":"product-type-simple"},"_links":{"self":[{"href":"https:\/\/leiklist.is\/en\/wp-json\/wp\/v2\/product\/15784","targetHints":{"allow":["GET"]}}],"collection":[{"href":"https:\/\/leiklist.is\/en\/wp-json\/wp\/v2\/product"}],"about":[{"href":"https:\/\/leiklist.is\/en\/wp-json\/wp\/v2\/types\/product"}],"wp:featuredmedia":[{"embeddable":true,"href":"https:\/\/leiklist.is\/en\/wp-json\/wp\/v2\/media\/15836"}],"wp:attachment":[{"href":"https:\/\/leiklist.is\/en\/wp-json\/wp\/v2\/media?parent=15784"}],"wp:term":[{"taxonomy":"product_brand","embeddable":true,"href":"https:\/\/leiklist.is\/en\/wp-json\/wp\/v2\/product_brand?post=15784"},{"taxonomy":"product_cat","embeddable":true,"href":"https:\/\/leiklist.is\/en\/wp-json\/wp\/v2\/product_cat?post=15784"},{"taxonomy":"product_tag","embeddable":true,"href":"https:\/\/leiklist.is\/en\/wp-json\/wp\/v2\/product_tag?post=15784"}],"curies":[{"name":"wp","href":"https:\/\/api.w.org\/{rel}","templated":true}]}}