{"id":15783,"date":"2020-02-24T20:00:21","date_gmt":"2020-02-24T20:00:21","guid":{"rendered":"http:\/\/leiklist.websitetest.site\/product\/import-placeholder-for-6177\/"},"modified":"2026-02-18T14:07:09","modified_gmt":"2026-02-18T14:07:09","slug":"tuplast","status":"publish","type":"product","link":"https:\/\/leiklist.is\/en\/product\/tuplast\/","title":{"rendered":"Tuplast"},"content":{"rendered":"<p>Tuplast 15 ml. t\u00fapa. Til a\u00f0 gera tr\u00faver\u00f0ug \u00f6r e\u00f0a \u00f6nnur h\u00fa\u00f0l\u00fdti.<\/p>\n<p><a href=\"https:\/\/global.kryolan.com\/product\/tuplast#dyed\">N\u00e1nari uppl\u00fdsingar.<\/a><\/p>\n<p>Tuplast er nota\u00f0 til a\u00f0 b\u00faa til s\u00e9rstaklega raunveruleg \u00f6r og \u00f6nnur fr\u00e1vik \u00ed h\u00fa\u00f0inni. Tuplast er byggt \u00e1 efni sem er einnig nota\u00f0 \u00ed tannl\u00e6kningum. Tuplast er bori\u00f0 \u00e1 beint \u00far t\u00fapunni. Hentar a\u00f0 nota me\u00f0 Fish Skin (gr. 06599) sem grunn. Ef \u00fea\u00f0 er enn kl\u00edstra\u00f0 er au\u00f0velt a\u00f0 m\u00f3ta me\u00f0 spa\u00f0a. Eftir a\u00f0 \u00fea\u00f0 hefur \u00feorna\u00f0 er \u00f6ri\u00f0 vatnshelt og h\u00e6gt er a\u00f0 plokka \u00fea\u00f0 af. Supracolor og Dermacolor henta s\u00e9rstaklega vel til a\u00f0 far\u00f0a \u00e1 Tuplast. \u00dear sem Tuplast inniheldur asetoni,\u00fearf s\u00e9rstaklega a\u00f0 g\u00e6ta a\u00f0vark\u00e1r \u00feegar \u00fea\u00f0 er nota\u00f0 n\u00e1l\u00e6gt sl\u00edmh\u00fa\u00f0 og augum. M\u00e6lt er me\u00f0 \u00fev\u00ed a\u00f0 bera \u00e1 Marly Skin &#8211; Skin Protection Foam (gr. 01696) \u00e1\u00f0ur en byrja\u00f0 er a\u00f0 vinna me\u00f0 Tuplast.<\/p>","protected":false},"excerpt":{"rendered":"<p>Tuplast 15 ml. t\u00fapa. Til a\u00f0 gera tr\u00faver\u00f0ug \u00f6r e\u00f0a \u00f6nnur h\u00fa\u00f0l\u00fdti. N\u00e1nari uppl\u00fdsingar. Tuplast er nota\u00f0 til a\u00f0 b\u00faa til s\u00e9rstaklega raunveruleg \u00f6r og \u00f6nnur fr\u00e1vik \u00ed h\u00fa\u00f0inni. Tuplast er byggt \u00e1 efni sem er einnig nota\u00f0 \u00ed tannl\u00e6kningum. Tuplast er bori\u00f0 \u00e1 beint \u00far t\u00fapunni. Hentar a\u00f0 nota me\u00f0 Fish Skin (gr. 06599) [&hellip;]<\/p>\n","protected":false},"featured_media":15835,"template":"","meta":{"_et_pb_use_builder":"","_et_pb_old_content":"","_et_gb_content_width":""},"product_brand":[],"product_cat":[100,247,82],"product_tag":[75],"class_list":{"0":"post-15783","1":"product","2":"type-product","3":"status-publish","4":"has-post-thumbnail","6":"product_cat-gervagerd","7":"product_cat-sar","8":"product_cat-ymislegt","9":"product_tag-kryolan","11":"first","12":"instock","13":"taxable","14":"shipping-taxable","15":"purchasable","16":"product-type-simple"},"_links":{"self":[{"href":"https:\/\/leiklist.is\/en\/wp-json\/wp\/v2\/product\/15783","targetHints":{"allow":["GET"]}}],"collection":[{"href":"https:\/\/leiklist.is\/en\/wp-json\/wp\/v2\/product"}],"about":[{"href":"https:\/\/leiklist.is\/en\/wp-json\/wp\/v2\/types\/product"}],"wp:featuredmedia":[{"embeddable":true,"href":"https:\/\/leiklist.is\/en\/wp-json\/wp\/v2\/media\/15835"}],"wp:attachment":[{"href":"https:\/\/leiklist.is\/en\/wp-json\/wp\/v2\/media?parent=15783"}],"wp:term":[{"taxonomy":"product_brand","embeddable":true,"href":"https:\/\/leiklist.is\/en\/wp-json\/wp\/v2\/product_brand?post=15783"},{"taxonomy":"product_cat","embeddable":true,"href":"https:\/\/leiklist.is\/en\/wp-json\/wp\/v2\/product_cat?post=15783"},{"taxonomy":"product_tag","embeddable":true,"href":"https:\/\/leiklist.is\/en\/wp-json\/wp\/v2\/product_tag?post=15783"}],"curies":[{"name":"wp","href":"https:\/\/api.w.org\/{rel}","templated":true}]}}