{"id":15782,"date":"2020-02-24T20:00:20","date_gmt":"2020-02-24T20:00:20","guid":{"rendered":"http:\/\/leiklist.websitetest.site\/product\/import-placeholder-for-6174\/"},"modified":"2024-03-14T15:09:10","modified_gmt":"2024-03-14T15:09:10","slug":"dermavax-grimas","status":"publish","type":"product","link":"https:\/\/leiklist.is\/en\/product\/dermavax-grimas\/","title":{"rendered":"Dermavax Grimas"},"content":{"rendered":"<p>Dermavax 25 e\u00f0a 60 ml. d\u00f3s.<\/p>\n<p><a href=\"http:\/\/dramashop.dk\/product\/dermavoks-60-ml-2985\/\">N\u00e1nari uppl\u00fdsingar.<\/a><\/p>","protected":false},"excerpt":{"rendered":"<p>Dermavax 25 e\u00f0a 60 ml. d\u00f3s. N\u00e1nari uppl\u00fdsingar.<\/p>","protected":false},"featured_media":15832,"template":"","meta":{"_et_pb_use_builder":"","_et_pb_old_content":"","_et_gb_content_width":""},"product_brand":[],"product_cat":[124],"product_tag":[70],"class_list":{"0":"post-15782","1":"product","2":"type-product","3":"status-publish","4":"has-post-thumbnail","6":"product_cat-latex-vax-gervagerd","7":"product_tag-grimas","9":"first","10":"instock","11":"taxable","12":"shipping-taxable","13":"purchasable","14":"product-type-variable"},"_links":{"self":[{"href":"https:\/\/leiklist.is\/en\/wp-json\/wp\/v2\/product\/15782","targetHints":{"allow":["GET"]}}],"collection":[{"href":"https:\/\/leiklist.is\/en\/wp-json\/wp\/v2\/product"}],"about":[{"href":"https:\/\/leiklist.is\/en\/wp-json\/wp\/v2\/types\/product"}],"wp:featuredmedia":[{"embeddable":true,"href":"https:\/\/leiklist.is\/en\/wp-json\/wp\/v2\/media\/15832"}],"wp:attachment":[{"href":"https:\/\/leiklist.is\/en\/wp-json\/wp\/v2\/media?parent=15782"}],"wp:term":[{"taxonomy":"product_brand","embeddable":true,"href":"https:\/\/leiklist.is\/en\/wp-json\/wp\/v2\/product_brand?post=15782"},{"taxonomy":"product_cat","embeddable":true,"href":"https:\/\/leiklist.is\/en\/wp-json\/wp\/v2\/product_cat?post=15782"},{"taxonomy":"product_tag","embeddable":true,"href":"https:\/\/leiklist.is\/en\/wp-json\/wp\/v2\/product_tag?post=15782"}],"curies":[{"name":"wp","href":"https:\/\/api.w.org\/{rel}","templated":true}]}}