{"id":15768,"date":"2020-02-24T19:59:56","date_gmt":"2020-02-24T19:59:56","guid":{"rendered":"http:\/\/leiklist.websitetest.site\/product\/import-placeholder-for-6165\/"},"modified":"2025-10-13T13:01:37","modified_gmt":"2025-10-13T13:01:37","slug":"artex-fra-kryolan","status":"publish","type":"product","link":"https:\/\/leiklist.is\/en\/product\/artex-fra-kryolan\/","title":{"rendered":"Artex fr\u00e1 Kryolan"},"content":{"rendered":"<p><em>Artex fr\u00e1 Kryolan.\u00a0<\/em>Tveggja \u00fe\u00e1tta silikonefni til a\u00f0 b\u00faa til \u00fer\u00edv\u00edddar h\u00fa\u00f0brellur, s.s. brunas\u00e1r, \u00f6r og \u00fe.h. og svo til a\u00f0 fela h\u00fa\u00f0l\u00fdti.\u00a0Efnin eru seld saman \u00ed tveimur 40 ml. glerkrukkum.<br \/>\n<em>Notkun:<\/em> Blandi\u00f0 efnunum vandlega saman \u00ed j\u00f6fnum hlutf\u00f6llum (1:1) og beri\u00f0 beint \u00e1 h\u00fa\u00f0 og m\u00f3ti\u00f0. Eftir a\u00f0 efni\u00f0 \u00feornar er \u00fea\u00f0 lita\u00f0 og svo a\u00f0 endingu p\u00fa\u00f0ra\u00f0 yfir. Svo er \u00feessu bara flett af eftir notkun.<br \/>\nAthugi\u00f0 a\u00f0 loka vel krukkunum eftir notkun til a\u00f0 varast a\u00f0 efnin \u00feorni upp.<br \/>\nH\u00e9r m\u00e1 t.d. <a href=\"https:\/\/youtu.be\/Hmkwt43emsQ\">sj\u00e1 d\u00e6mi um notkun Artex<\/a>.<\/p>","protected":false},"excerpt":{"rendered":"<p>Artex fr\u00e1 Kryolan.\u00a0Tveggja \u00fe\u00e1tta silikonefni til a\u00f0 b\u00faa til \u00fer\u00edv\u00edddar h\u00fa\u00f0brellur, s.s. brunas\u00e1r, \u00f6r og \u00fe.h. og svo til a\u00f0 fela h\u00fa\u00f0l\u00fdti.\u00a0Efnin eru seld saman \u00ed tveimur 40 ml. glerkrukkum. Notkun: Blandi\u00f0 efnunum vandlega saman \u00ed j\u00f6fnum hlutf\u00f6llum (1:1) og beri\u00f0 beint \u00e1 h\u00fa\u00f0 og m\u00f3ti\u00f0. Eftir a\u00f0 efni\u00f0 \u00feornar er \u00fea\u00f0 lita\u00f0 og svo [&hellip;]<\/p>\n","protected":false},"featured_media":15816,"template":"","meta":{"_et_pb_use_builder":"","_et_pb_old_content":"","_et_gb_content_width":""},"product_brand":[],"product_cat":[124],"product_tag":[75],"class_list":{"0":"post-15768","1":"product","2":"type-product","3":"status-publish","4":"has-post-thumbnail","6":"product_cat-latex-vax-gervagerd","7":"product_tag-kryolan","9":"first","10":"instock","11":"taxable","12":"shipping-taxable","13":"purchasable","14":"product-type-simple"},"_links":{"self":[{"href":"https:\/\/leiklist.is\/en\/wp-json\/wp\/v2\/product\/15768","targetHints":{"allow":["GET"]}}],"collection":[{"href":"https:\/\/leiklist.is\/en\/wp-json\/wp\/v2\/product"}],"about":[{"href":"https:\/\/leiklist.is\/en\/wp-json\/wp\/v2\/types\/product"}],"wp:featuredmedia":[{"embeddable":true,"href":"https:\/\/leiklist.is\/en\/wp-json\/wp\/v2\/media\/15816"}],"wp:attachment":[{"href":"https:\/\/leiklist.is\/en\/wp-json\/wp\/v2\/media?parent=15768"}],"wp:term":[{"taxonomy":"product_brand","embeddable":true,"href":"https:\/\/leiklist.is\/en\/wp-json\/wp\/v2\/product_brand?post=15768"},{"taxonomy":"product_cat","embeddable":true,"href":"https:\/\/leiklist.is\/en\/wp-json\/wp\/v2\/product_cat?post=15768"},{"taxonomy":"product_tag","embeddable":true,"href":"https:\/\/leiklist.is\/en\/wp-json\/wp\/v2\/product_tag?post=15768"}],"curies":[{"name":"wp","href":"https:\/\/api.w.org\/{rel}","templated":true}]}}