{"id":15764,"date":"2020-02-24T19:59:56","date_gmt":"2020-02-24T19:59:56","guid":{"rendered":"http:\/\/leiklist.websitetest.site\/product\/import-placeholder-for-6118\/"},"modified":"2026-03-21T14:00:53","modified_gmt":"2026-03-21T14:00:53","slug":"latex-fra-grimas","status":"publish","type":"product","link":"https:\/\/leiklist.is\/en\/product\/latex-fra-grimas\/","title":{"rendered":"Latex fr\u00e1 Grimas"},"content":{"rendered":"<p><i>Latex (rubber milk)<\/i> er flj\u00f3tandi efni nota\u00f0 til a\u00f0 b\u00faa til alls konar aukahluti sem nota\u00f0ir eru \u00ed \u201especial effect\u201c f\u00f6r\u00f0un, s.s. nef, eyru og eiginlega hva\u00f0 sem er. \u00de\u00e1 er efninu pensla\u00f0 \u00ed m\u00f3t og l\u00e1ti\u00f0 \u00feorna og s\u00ed\u00f0an l\u00edmt \u00e1 me\u00f0 skeggl\u00edmi. Einnig er h\u00e6gt a\u00f0 nota \u00fea\u00f0 beint \u00e1 h\u00fa\u00f0 \u00fe\u00f3 framlei\u00f0endur m\u00e6li ekki me\u00f0 \u00fev\u00ed.<\/p>\n<p>Latex n\u00e6st ekki \u00fat f\u00f6tum.\u00a0Loki\u00f0 fl\u00f6skunni vandlega eftir notkun og geymi\u00f0 \u00e1 dimmum sta\u00f0<i>.<\/i><\/p>\n<p class=\"p1\">N\u00e1nari uppl\u00fdsingar og innihaldsl\u00fdsing:<i> <\/i><a href=\"https:\/\/www.grimas.nl\/website\/web2\/index.php?onderwerp=000426aa&amp;vb=0\"><i>https:\/\/www.grimas.nl\/website\/web2\/index.php?onderwerp=000426aa&amp;vb=0\u00a0<\/i><\/a><\/p>\n<p>&nbsp;<\/p>","protected":false},"excerpt":{"rendered":"<p>Latex (rubber milk) er flj\u00f3tandi efni nota\u00f0 til a\u00f0 b\u00faa til alls konar aukahluti sem nota\u00f0ir eru \u00ed \u201especial effect\u201c f\u00f6r\u00f0un, s.s. nef, eyru og eiginlega hva\u00f0 sem er. \u00de\u00e1 er efninu pensla\u00f0 \u00ed m\u00f3t og l\u00e1ti\u00f0 \u00feorna og s\u00ed\u00f0an l\u00edmt \u00e1 me\u00f0 skeggl\u00edmi. Einnig er h\u00e6gt a\u00f0 nota \u00fea\u00f0 beint \u00e1 h\u00fa\u00f0 \u00fe\u00f3 framlei\u00f0endur [&hellip;]<\/p>\n","protected":false},"featured_media":37395,"template":"","meta":{"_et_pb_use_builder":"","_et_pb_old_content":"","_et_gb_content_width":""},"product_brand":[],"product_cat":[124],"product_tag":[70],"class_list":{"0":"post-15764","1":"product","2":"type-product","3":"status-publish","4":"has-post-thumbnail","6":"product_cat-latex-vax-gervagerd","7":"product_tag-grimas","9":"first","10":"instock","11":"taxable","12":"shipping-taxable","13":"purchasable","14":"product-type-variable"},"_links":{"self":[{"href":"https:\/\/leiklist.is\/en\/wp-json\/wp\/v2\/product\/15764","targetHints":{"allow":["GET"]}}],"collection":[{"href":"https:\/\/leiklist.is\/en\/wp-json\/wp\/v2\/product"}],"about":[{"href":"https:\/\/leiklist.is\/en\/wp-json\/wp\/v2\/types\/product"}],"wp:featuredmedia":[{"embeddable":true,"href":"https:\/\/leiklist.is\/en\/wp-json\/wp\/v2\/media\/37395"}],"wp:attachment":[{"href":"https:\/\/leiklist.is\/en\/wp-json\/wp\/v2\/media?parent=15764"}],"wp:term":[{"taxonomy":"product_brand","embeddable":true,"href":"https:\/\/leiklist.is\/en\/wp-json\/wp\/v2\/product_brand?post=15764"},{"taxonomy":"product_cat","embeddable":true,"href":"https:\/\/leiklist.is\/en\/wp-json\/wp\/v2\/product_cat?post=15764"},{"taxonomy":"product_tag","embeddable":true,"href":"https:\/\/leiklist.is\/en\/wp-json\/wp\/v2\/product_tag?post=15764"}],"curies":[{"name":"wp","href":"https:\/\/api.w.org\/{rel}","templated":true}]}}