{"id":15762,"date":"2020-02-24T19:59:56","date_gmt":"2020-02-24T19:59:56","guid":{"rendered":"http:\/\/leiklist.websitetest.site\/product\/import-placeholder-for-6062\/"},"modified":"2023-11-01T10:07:03","modified_gmt":"2023-11-01T10:07:03","slug":"tomar-plastfloskur-med-pensli","status":"publish","type":"product","link":"https:\/\/leiklist.is\/en\/product\/tomar-plastfloskur-med-pensli\/","title":{"rendered":"Plastflaska -t\u00f3m me\u00f0 pensli"},"content":{"rendered":"<p><samp>T\u00f3mar plastfl\u00f6skur me\u00f0 pensli, 50 ml.\u00a0<\/samp><\/p>\n<p>Henta vel fyrir l\u00edm e\u00f0a \u00e1l\u00edka.<\/p>","protected":false},"excerpt":{"rendered":"<p>T\u00f3mar plastfl\u00f6skur me\u00f0 pensli, 50 ml.\u00a0 Henta vel fyrir l\u00edm e\u00f0a \u00e1l\u00edka.<\/p>","protected":false},"featured_media":15810,"template":"","meta":{"_et_pb_use_builder":"","_et_pb_old_content":"","_et_gb_content_width":""},"product_brand":[],"product_cat":[136,131,82],"product_tag":[75],"class_list":{"0":"post-15762","1":"product","2":"type-product","3":"status-publish","4":"has-post-thumbnail","6":"product_cat-lim-gervagerd","7":"product_cat-onnur-ahold-ahold","8":"product_cat-ymislegt","9":"product_tag-kryolan","11":"first","12":"outofstock","13":"taxable","14":"shipping-taxable","15":"purchasable","16":"product-type-simple"},"_links":{"self":[{"href":"https:\/\/leiklist.is\/en\/wp-json\/wp\/v2\/product\/15762","targetHints":{"allow":["GET"]}}],"collection":[{"href":"https:\/\/leiklist.is\/en\/wp-json\/wp\/v2\/product"}],"about":[{"href":"https:\/\/leiklist.is\/en\/wp-json\/wp\/v2\/types\/product"}],"wp:featuredmedia":[{"embeddable":true,"href":"https:\/\/leiklist.is\/en\/wp-json\/wp\/v2\/media\/15810"}],"wp:attachment":[{"href":"https:\/\/leiklist.is\/en\/wp-json\/wp\/v2\/media?parent=15762"}],"wp:term":[{"taxonomy":"product_brand","embeddable":true,"href":"https:\/\/leiklist.is\/en\/wp-json\/wp\/v2\/product_brand?post=15762"},{"taxonomy":"product_cat","embeddable":true,"href":"https:\/\/leiklist.is\/en\/wp-json\/wp\/v2\/product_cat?post=15762"},{"taxonomy":"product_tag","embeddable":true,"href":"https:\/\/leiklist.is\/en\/wp-json\/wp\/v2\/product_tag?post=15762"}],"curies":[{"name":"wp","href":"https:\/\/api.w.org\/{rel}","templated":true}]}}