{"id":15761,"date":"2020-02-24T19:59:56","date_gmt":"2020-02-24T19:59:56","guid":{"rendered":"http:\/\/leiklist.websitetest.site\/product\/import-placeholder-for-6061\/"},"modified":"2026-01-11T20:11:02","modified_gmt":"2026-01-11T20:11:02","slug":"lim-fyrir-gervitennur","status":"publish","type":"product","link":"https:\/\/leiklist.is\/en\/product\/lim-fyrir-gervitennur\/","title":{"rendered":"Gervitennur &#8211; efni til a\u00f0 m\u00f3ta"},"content":{"rendered":"<p>Plastk\u00falur sem h\u00e6gt er a\u00f0 m\u00f3ta \u00ed gervitennur. Einnig h\u00e6gt a\u00f0 nota sem l\u00edm fyrir gervitennur.<\/p>","protected":false},"excerpt":{"rendered":"<p>Plastk\u00falur sem h\u00e6gt er a\u00f0 m\u00f3ta \u00ed gervitennur. Einnig h\u00e6gt a\u00f0 nota sem l\u00edm fyrir gervitennur.<\/p>","protected":false},"featured_media":15809,"template":"","meta":{"_et_pb_use_builder":"","_et_pb_old_content":"","_et_gb_content_width":""},"product_brand":[],"product_cat":[136,244,82],"product_tag":[],"class_list":{"0":"post-15761","1":"product","2":"type-product","3":"status-publish","4":"has-post-thumbnail","6":"product_cat-lim-gervagerd","7":"product_cat-tennur","8":"product_cat-ymislegt","10":"first","11":"instock","12":"taxable","13":"shipping-taxable","14":"purchasable","15":"product-type-simple"},"_links":{"self":[{"href":"https:\/\/leiklist.is\/en\/wp-json\/wp\/v2\/product\/15761","targetHints":{"allow":["GET"]}}],"collection":[{"href":"https:\/\/leiklist.is\/en\/wp-json\/wp\/v2\/product"}],"about":[{"href":"https:\/\/leiklist.is\/en\/wp-json\/wp\/v2\/types\/product"}],"wp:featuredmedia":[{"embeddable":true,"href":"https:\/\/leiklist.is\/en\/wp-json\/wp\/v2\/media\/15809"}],"wp:attachment":[{"href":"https:\/\/leiklist.is\/en\/wp-json\/wp\/v2\/media?parent=15761"}],"wp:term":[{"taxonomy":"product_brand","embeddable":true,"href":"https:\/\/leiklist.is\/en\/wp-json\/wp\/v2\/product_brand?post=15761"},{"taxonomy":"product_cat","embeddable":true,"href":"https:\/\/leiklist.is\/en\/wp-json\/wp\/v2\/product_cat?post=15761"},{"taxonomy":"product_tag","embeddable":true,"href":"https:\/\/leiklist.is\/en\/wp-json\/wp\/v2\/product_tag?post=15761"}],"curies":[{"name":"wp","href":"https:\/\/api.w.org\/{rel}","templated":true}]}}