{"id":15748,"date":"2020-02-24T19:59:31","date_gmt":"2020-02-24T19:59:31","guid":{"rendered":"http:\/\/leiklist.websitetest.site\/product\/import-placeholder-for-6059\/"},"modified":"2026-03-27T10:32:29","modified_gmt":"2026-03-27T10:32:29","slug":"mastix-remover-limeydir","status":"publish","type":"product","link":"https:\/\/leiklist.is\/en\/product\/mastix-remover-limeydir\/","title":{"rendered":"Mastix Remover &#8211; L\u00edmey\u00f0ir"},"content":{"rendered":"<p><em>L\u00edmey\u00f0ir, 25 e\u00f0a 100 ml. flaska. Leysir upp Mastix Extra h\u00fa\u00f0l\u00edm.\u00a0<\/em><\/p>\n<p><a href=\"https:\/\/www.grimas.nl\/website\/web2\/index.php?onderwerp=000437aa\"><em>N\u00e1nari uppl\u00fdsingar og innihaldsl\u00fdsing\u00a0<\/em><\/a><\/p>","protected":false},"excerpt":{"rendered":"<p>L\u00edmey\u00f0ir, 25 e\u00f0a 100 ml. flaska. Leysir upp Mastix Extra h\u00fa\u00f0l\u00edm.\u00a0 N\u00e1nari uppl\u00fdsingar og innihaldsl\u00fdsing\u00a0<\/p>","protected":false},"featured_media":15808,"template":"","meta":{"_et_pb_use_builder":"","_et_pb_old_content":"","_et_gb_content_width":""},"product_brand":[],"product_cat":[74,136],"product_tag":[70],"class_list":{"0":"post-15748","1":"product","2":"type-product","3":"status-publish","4":"has-post-thumbnail","6":"product_cat-hreinsivorur","7":"product_cat-lim-gervagerd","8":"product_tag-grimas","10":"first","11":"instock","12":"taxable","13":"shipping-taxable","14":"purchasable","15":"product-type-variable"},"_links":{"self":[{"href":"https:\/\/leiklist.is\/en\/wp-json\/wp\/v2\/product\/15748","targetHints":{"allow":["GET"]}}],"collection":[{"href":"https:\/\/leiklist.is\/en\/wp-json\/wp\/v2\/product"}],"about":[{"href":"https:\/\/leiklist.is\/en\/wp-json\/wp\/v2\/types\/product"}],"wp:featuredmedia":[{"embeddable":true,"href":"https:\/\/leiklist.is\/en\/wp-json\/wp\/v2\/media\/15808"}],"wp:attachment":[{"href":"https:\/\/leiklist.is\/en\/wp-json\/wp\/v2\/media?parent=15748"}],"wp:term":[{"taxonomy":"product_brand","embeddable":true,"href":"https:\/\/leiklist.is\/en\/wp-json\/wp\/v2\/product_brand?post=15748"},{"taxonomy":"product_cat","embeddable":true,"href":"https:\/\/leiklist.is\/en\/wp-json\/wp\/v2\/product_cat?post=15748"},{"taxonomy":"product_tag","embeddable":true,"href":"https:\/\/leiklist.is\/en\/wp-json\/wp\/v2\/product_tag?post=15748"}],"curies":[{"name":"wp","href":"https:\/\/api.w.org\/{rel}","templated":true}]}}