{"id":15747,"date":"2020-02-24T19:59:31","date_gmt":"2020-02-24T19:59:31","guid":{"rendered":"http:\/\/leiklist.websitetest.site\/product\/import-placeholder-for-6057\/"},"modified":"2026-03-11T12:26:50","modified_gmt":"2026-03-11T12:26:50","slug":"spirit-gum-remover-kryolan","status":"publish","type":"product","link":"https:\/\/leiklist.is\/en\/product\/spirit-gum-remover-kryolan\/","title":{"rendered":"Mastix Spirit Gum Remover &#038; Thinner, Kryolan"},"content":{"rendered":"<p>Spirit Gum Remover &amp; Thinner, l\u00edmey\u00f0ir og \u00feynnir fr\u00e1 Kryolan.<\/p>","protected":false},"excerpt":{"rendered":"<p>Spirit Gum Remover &amp; Thinner, l\u00edmey\u00f0ir og \u00feynnir fr\u00e1 Kryolan.<\/p>","protected":false},"featured_media":36894,"template":"","meta":{"_et_pb_use_builder":"","_et_pb_old_content":"","_et_gb_content_width":""},"product_brand":[],"product_cat":[136],"product_tag":[75],"class_list":{"0":"post-15747","1":"product","2":"type-product","3":"status-publish","4":"has-post-thumbnail","6":"product_cat-lim-gervagerd","7":"product_tag-kryolan","9":"first","10":"instock","11":"featured","12":"taxable","13":"shipping-taxable","14":"purchasable","15":"product-type-variable"},"_links":{"self":[{"href":"https:\/\/leiklist.is\/en\/wp-json\/wp\/v2\/product\/15747","targetHints":{"allow":["GET"]}}],"collection":[{"href":"https:\/\/leiklist.is\/en\/wp-json\/wp\/v2\/product"}],"about":[{"href":"https:\/\/leiklist.is\/en\/wp-json\/wp\/v2\/types\/product"}],"wp:featuredmedia":[{"embeddable":true,"href":"https:\/\/leiklist.is\/en\/wp-json\/wp\/v2\/media\/36894"}],"wp:attachment":[{"href":"https:\/\/leiklist.is\/en\/wp-json\/wp\/v2\/media?parent=15747"}],"wp:term":[{"taxonomy":"product_brand","embeddable":true,"href":"https:\/\/leiklist.is\/en\/wp-json\/wp\/v2\/product_brand?post=15747"},{"taxonomy":"product_cat","embeddable":true,"href":"https:\/\/leiklist.is\/en\/wp-json\/wp\/v2\/product_cat?post=15747"},{"taxonomy":"product_tag","embeddable":true,"href":"https:\/\/leiklist.is\/en\/wp-json\/wp\/v2\/product_tag?post=15747"}],"curies":[{"name":"wp","href":"https:\/\/api.w.org\/{rel}","templated":true}]}}