{"id":15732,"date":"2020-02-24T19:59:09","date_gmt":"2020-02-24T19:59:09","guid":{"rendered":"http:\/\/leiklist.websitetest.site\/product\/import-placeholder-for-6054\/"},"modified":"2026-03-27T10:32:29","modified_gmt":"2026-03-27T10:32:29","slug":"skegglim-mastix-extra","status":"publish","type":"product","link":"https:\/\/leiklist.is\/en\/product\/skegglim-mastix-extra\/","title":{"rendered":"Mastix Extra &#8211; alhli\u00f0a l\u00edm fyrir skegg, nef, eyru o.fl."},"content":{"rendered":"<p class=\"p1\"><em>H\u00fa\u00f0l\u00edm \u2013 Mastix Extra \u00a0fr\u00e1 Grimas<\/em>. Mastix Extra er sterkt h\u00fa\u00f0l\u00edn, nota\u00f0 \u00e1 skalla, skegg, nef og fleira sem \u00fearf a\u00f0 festa vel. N\u00e6st af me\u00f0 <em>Grimas Mastix Remover<\/em>.\u00a0L\u00edmi\u00f0 kemur \u00ed tveimur st\u00e6r\u00f0um, 10 ml. og 100 ml. fl\u00f6skum me\u00f0 pensli.<br \/>\n<a href=\"https:\/\/www.grimas.nl\/website\/web2\/index.php?onderwerp=000436aa\">Mastix Extra, n\u00e1nari uppl\u00fdsingar og innihaldsl\u00fdsing\u00a0<\/a><\/p>\n<p class=\"p1\">","protected":false},"excerpt":{"rendered":"<p>H\u00fa\u00f0l\u00edm \u2013 Mastix Extra \u00a0fr\u00e1 Grimas. Mastix Extra er sterkt h\u00fa\u00f0l\u00edn, nota\u00f0 \u00e1 skalla, skegg, nef og fleira sem \u00fearf a\u00f0 festa vel. N\u00e6st af me\u00f0 Grimas Mastix Remover.\u00a0L\u00edmi\u00f0 kemur \u00ed tveimur st\u00e6r\u00f0um, 10 ml. og 100 ml. fl\u00f6skum me\u00f0 pensli. Mastix Extra, n\u00e1nari uppl\u00fdsingar og innihaldsl\u00fdsing\u00a0<\/p>","protected":false},"featured_media":15794,"template":"","meta":{"_et_pb_use_builder":"","_et_pb_old_content":"","_et_gb_content_width":""},"product_brand":[],"product_cat":[136,133],"product_tag":[70],"class_list":{"0":"post-15732","1":"product","2":"type-product","3":"status-publish","4":"has-post-thumbnail","6":"product_cat-lim-gervagerd","7":"product_cat-skegg-harvorur","8":"product_tag-grimas","10":"first","11":"instock","12":"taxable","13":"shipping-taxable","14":"purchasable","15":"product-type-variable"},"_links":{"self":[{"href":"https:\/\/leiklist.is\/en\/wp-json\/wp\/v2\/product\/15732","targetHints":{"allow":["GET"]}}],"collection":[{"href":"https:\/\/leiklist.is\/en\/wp-json\/wp\/v2\/product"}],"about":[{"href":"https:\/\/leiklist.is\/en\/wp-json\/wp\/v2\/types\/product"}],"wp:featuredmedia":[{"embeddable":true,"href":"https:\/\/leiklist.is\/en\/wp-json\/wp\/v2\/media\/15794"}],"wp:attachment":[{"href":"https:\/\/leiklist.is\/en\/wp-json\/wp\/v2\/media?parent=15732"}],"wp:term":[{"taxonomy":"product_brand","embeddable":true,"href":"https:\/\/leiklist.is\/en\/wp-json\/wp\/v2\/product_brand?post=15732"},{"taxonomy":"product_cat","embeddable":true,"href":"https:\/\/leiklist.is\/en\/wp-json\/wp\/v2\/product_cat?post=15732"},{"taxonomy":"product_tag","embeddable":true,"href":"https:\/\/leiklist.is\/en\/wp-json\/wp\/v2\/product_tag?post=15732"}],"curies":[{"name":"wp","href":"https:\/\/api.w.org\/{rel}","templated":true}]}}