{"id":15696,"date":"2020-02-24T19:58:19","date_gmt":"2020-02-24T19:58:19","guid":{"rendered":"http:\/\/leiklist.websitetest.site\/product\/import-placeholder-for-6045\/"},"modified":"2024-02-23T09:20:15","modified_gmt":"2024-02-23T09:20:15","slug":"trudanef-med-teygju","status":"publish","type":"product","link":"https:\/\/leiklist.is\/en\/product\/trudanef-med-teygju\/","title":{"rendered":"Tr\u00fa\u00f0anef me\u00f0 teygju &#8211; Roundo"},"content":{"rendered":"<p>Tr\u00fa\u00f0anef \u00far plasti me\u00f0 teygju, rau\u00f0. \u00dar \u00feykku, mj\u00faku efni sem s\u00e6rir ekki nefi\u00f0.<\/p>","protected":false},"excerpt":{"rendered":"<p>Tr\u00fa\u00f0anef \u00far plasti me\u00f0 teygju, rau\u00f0. \u00dar \u00feykku, mj\u00faku efni sem s\u00e6rir ekki nefi\u00f0.<\/p>","protected":false},"featured_media":34646,"template":"","meta":{"_et_pb_use_builder":"","_et_pb_old_content":"","_et_gb_content_width":""},"product_brand":[],"product_cat":[125],"product_tag":[],"class_list":{"0":"post-15696","1":"product","2":"type-product","3":"status-publish","4":"has-post-thumbnail","6":"product_cat-nef-gervagerd","8":"first","9":"instock","10":"sale","11":"taxable","12":"shipping-taxable","13":"purchasable","14":"product-type-simple"},"_links":{"self":[{"href":"https:\/\/leiklist.is\/en\/wp-json\/wp\/v2\/product\/15696","targetHints":{"allow":["GET"]}}],"collection":[{"href":"https:\/\/leiklist.is\/en\/wp-json\/wp\/v2\/product"}],"about":[{"href":"https:\/\/leiklist.is\/en\/wp-json\/wp\/v2\/types\/product"}],"wp:featuredmedia":[{"embeddable":true,"href":"https:\/\/leiklist.is\/en\/wp-json\/wp\/v2\/media\/34646"}],"wp:attachment":[{"href":"https:\/\/leiklist.is\/en\/wp-json\/wp\/v2\/media?parent=15696"}],"wp:term":[{"taxonomy":"product_brand","embeddable":true,"href":"https:\/\/leiklist.is\/en\/wp-json\/wp\/v2\/product_brand?post=15696"},{"taxonomy":"product_cat","embeddable":true,"href":"https:\/\/leiklist.is\/en\/wp-json\/wp\/v2\/product_cat?post=15696"},{"taxonomy":"product_tag","embeddable":true,"href":"https:\/\/leiklist.is\/en\/wp-json\/wp\/v2\/product_tag?post=15696"}],"curies":[{"name":"wp","href":"https:\/\/api.w.org\/{rel}","templated":true}]}}