{"id":15695,"date":"2020-02-24T19:58:19","date_gmt":"2020-02-24T19:58:19","guid":{"rendered":"http:\/\/leiklist.websitetest.site\/product\/import-placeholder-for-6043\/"},"modified":"2026-02-18T13:38:01","modified_gmt":"2026-02-18T13:38:01","slug":"trudanef-svampur","status":"publish","type":"product","link":"https:\/\/leiklist.is\/en\/product\/trudanef-svampur\/","title":{"rendered":"Tr\u00fa\u00f0anef, svampur"},"content":{"rendered":"<p>Tr\u00fa\u00f0anef \u00far svampi, rau\u00f0, sj\u00e1lfklemmandi. Henta vel fyrir b\u00f6rn en einnig fyrir l\u00edtil og me\u00f0alst\u00f3r fullor\u00f0insnef.<\/p>","protected":false},"excerpt":{"rendered":"<p>Tr\u00fa\u00f0anef \u00far svampi, rau\u00f0, sj\u00e1lfklemmandi. Henta vel fyrir b\u00f6rn en einnig fyrir l\u00edtil og me\u00f0alst\u00f3r fullor\u00f0insnef.<\/p>","protected":false},"featured_media":35276,"template":"","meta":{"_et_pb_use_builder":"","_et_pb_old_content":"","_et_gb_content_width":""},"product_brand":[],"product_cat":[125,82],"product_tag":[70],"class_list":{"0":"post-15695","1":"product","2":"type-product","3":"status-publish","4":"has-post-thumbnail","6":"product_cat-nef-gervagerd","7":"product_cat-ymislegt","8":"product_tag-grimas","10":"first","11":"instock","12":"taxable","13":"shipping-taxable","14":"purchasable","15":"product-type-variable"},"_links":{"self":[{"href":"https:\/\/leiklist.is\/en\/wp-json\/wp\/v2\/product\/15695","targetHints":{"allow":["GET"]}}],"collection":[{"href":"https:\/\/leiklist.is\/en\/wp-json\/wp\/v2\/product"}],"about":[{"href":"https:\/\/leiklist.is\/en\/wp-json\/wp\/v2\/types\/product"}],"wp:featuredmedia":[{"embeddable":true,"href":"https:\/\/leiklist.is\/en\/wp-json\/wp\/v2\/media\/35276"}],"wp:attachment":[{"href":"https:\/\/leiklist.is\/en\/wp-json\/wp\/v2\/media?parent=15695"}],"wp:term":[{"taxonomy":"product_brand","embeddable":true,"href":"https:\/\/leiklist.is\/en\/wp-json\/wp\/v2\/product_brand?post=15695"},{"taxonomy":"product_cat","embeddable":true,"href":"https:\/\/leiklist.is\/en\/wp-json\/wp\/v2\/product_cat?post=15695"},{"taxonomy":"product_tag","embeddable":true,"href":"https:\/\/leiklist.is\/en\/wp-json\/wp\/v2\/product_tag?post=15695"}],"curies":[{"name":"wp","href":"https:\/\/api.w.org\/{rel}","templated":true}]}}