{"id":15681,"date":"2020-02-24T19:57:56","date_gmt":"2020-02-24T19:57:56","guid":{"rendered":"http:\/\/leiklist.websitetest.site\/product\/import-placeholder-for-6037\/"},"modified":"2023-01-17T14:24:29","modified_gmt":"2023-01-17T14:24:29","slug":"svinstryni-sett","status":"publish","type":"product","link":"https:\/\/leiklist.is\/en\/product\/svinstryni-sett\/","title":{"rendered":"Sv\u00ednstr\u00fdni, sett fr\u00e1 Grimas"},"content":{"rendered":"<p>Sv\u00ednstr\u00fdni, sett \u00far mj\u00faku latex. Fyrir &#8222;professional&#8220; gervager\u00f0.<\/p>","protected":false},"excerpt":{"rendered":"<p>Sv\u00ednstr\u00fdni, sett \u00far mj\u00faku latex. Fyrir &#8222;professional&#8220; gervager\u00f0.<\/p>","protected":false},"featured_media":15777,"template":"","meta":{"_et_pb_use_builder":"","_et_pb_old_content":"","_et_gb_content_width":""},"product_brand":[],"product_cat":[125],"product_tag":[70],"class_list":{"0":"post-15681","1":"product","2":"type-product","3":"status-publish","4":"has-post-thumbnail","6":"product_cat-nef-gervagerd","7":"product_tag-grimas","9":"first","10":"instock","11":"taxable","12":"shipping-taxable","13":"purchasable","14":"product-type-simple"},"_links":{"self":[{"href":"https:\/\/leiklist.is\/en\/wp-json\/wp\/v2\/product\/15681","targetHints":{"allow":["GET"]}}],"collection":[{"href":"https:\/\/leiklist.is\/en\/wp-json\/wp\/v2\/product"}],"about":[{"href":"https:\/\/leiklist.is\/en\/wp-json\/wp\/v2\/types\/product"}],"wp:featuredmedia":[{"embeddable":true,"href":"https:\/\/leiklist.is\/en\/wp-json\/wp\/v2\/media\/15777"}],"wp:attachment":[{"href":"https:\/\/leiklist.is\/en\/wp-json\/wp\/v2\/media?parent=15681"}],"wp:term":[{"taxonomy":"product_brand","embeddable":true,"href":"https:\/\/leiklist.is\/en\/wp-json\/wp\/v2\/product_brand?post=15681"},{"taxonomy":"product_cat","embeddable":true,"href":"https:\/\/leiklist.is\/en\/wp-json\/wp\/v2\/product_cat?post=15681"},{"taxonomy":"product_tag","embeddable":true,"href":"https:\/\/leiklist.is\/en\/wp-json\/wp\/v2\/product_tag?post=15681"}],"curies":[{"name":"wp","href":"https:\/\/api.w.org\/{rel}","templated":true}]}}