{"id":15677,"date":"2020-02-24T19:57:55","date_gmt":"2020-02-24T19:57:55","guid":{"rendered":"http:\/\/leiklist.websitetest.site\/product\/import-placeholder-for-6007\/"},"modified":"2023-01-17T12:09:15","modified_gmt":"2023-01-17T12:09:15","slug":"froduhylki","status":"publish","type":"product","link":"https:\/\/leiklist.is\/en\/product\/froduhylki\/","title":{"rendered":"Fro\u00f0uhylki"},"content":{"rendered":"<p>Fro\u00f0uhylki \u00ed munn, 10 stk. d\u00f3s.<\/p>","protected":false},"excerpt":{"rendered":"<p>Fro\u00f0uhylki \u00ed munn, 10 stk. d\u00f3s.<\/p>","protected":false},"featured_media":15770,"template":"","meta":{"_et_pb_use_builder":"","_et_pb_old_content":"","_et_gb_content_width":""},"product_brand":[],"product_cat":[82],"product_tag":[75],"class_list":{"0":"post-15677","1":"product","2":"type-product","3":"status-publish","4":"has-post-thumbnail","6":"product_cat-ymislegt","7":"product_tag-kryolan","9":"first","10":"outofstock","11":"taxable","12":"shipping-taxable","13":"purchasable","14":"product-type-simple"},"_links":{"self":[{"href":"https:\/\/leiklist.is\/en\/wp-json\/wp\/v2\/product\/15677","targetHints":{"allow":["GET"]}}],"collection":[{"href":"https:\/\/leiklist.is\/en\/wp-json\/wp\/v2\/product"}],"about":[{"href":"https:\/\/leiklist.is\/en\/wp-json\/wp\/v2\/types\/product"}],"wp:featuredmedia":[{"embeddable":true,"href":"https:\/\/leiklist.is\/en\/wp-json\/wp\/v2\/media\/15770"}],"wp:attachment":[{"href":"https:\/\/leiklist.is\/en\/wp-json\/wp\/v2\/media?parent=15677"}],"wp:term":[{"taxonomy":"product_brand","embeddable":true,"href":"https:\/\/leiklist.is\/en\/wp-json\/wp\/v2\/product_brand?post=15677"},{"taxonomy":"product_cat","embeddable":true,"href":"https:\/\/leiklist.is\/en\/wp-json\/wp\/v2\/product_cat?post=15677"},{"taxonomy":"product_tag","embeddable":true,"href":"https:\/\/leiklist.is\/en\/wp-json\/wp\/v2\/product_tag?post=15677"}],"curies":[{"name":"wp","href":"https:\/\/api.w.org\/{rel}","templated":true}]}}