{"id":15676,"date":"2020-02-24T19:57:55","date_gmt":"2020-02-24T19:57:55","guid":{"rendered":"http:\/\/leiklist.websitetest.site\/product\/import-placeholder-for-6000\/"},"modified":"2026-02-24T10:43:59","modified_gmt":"2026-02-24T10:43:59","slug":"glimmer-gel","status":"publish","type":"product","link":"https:\/\/leiklist.is\/en\/product\/glimmer-gel\/","title":{"rendered":"Glimmer gel &#8211; Tip Cr\u00e9me"},"content":{"rendered":"<p>Glimmer gel, margir litir, 8 ml. t\u00faba .<\/p>\n<p><a href=\"https:\/\/www.grimas.nl\/website\/webshop\/indork.php?onderwerp=000300sp&amp;vb=2&amp;scrollpoint=000300sp0&amp;ex=0#nav000300sp0\">Sj\u00e1 alla liti h\u00e9r<\/a>.<\/p>","protected":false},"excerpt":{"rendered":"<p>Glimmer gel, margir litir, 8 ml. t\u00faba . Sj\u00e1 alla liti h\u00e9r.<\/p>","protected":false},"featured_media":15757,"template":"","meta":{"_et_pb_use_builder":"","_et_pb_old_content":"","_et_gb_content_width":""},"product_brand":[],"product_cat":[137,127],"product_tag":[70],"class_list":{"0":"post-15676","1":"product","2":"type-product","3":"status-publish","4":"has-post-thumbnail","6":"product_cat-augnskuggar-augu","7":"product_cat-make-up","8":"product_tag-grimas","10":"first","11":"instock","12":"taxable","13":"shipping-taxable","14":"purchasable","15":"product-type-variable"},"_links":{"self":[{"href":"https:\/\/leiklist.is\/en\/wp-json\/wp\/v2\/product\/15676","targetHints":{"allow":["GET"]}}],"collection":[{"href":"https:\/\/leiklist.is\/en\/wp-json\/wp\/v2\/product"}],"about":[{"href":"https:\/\/leiklist.is\/en\/wp-json\/wp\/v2\/types\/product"}],"wp:featuredmedia":[{"embeddable":true,"href":"https:\/\/leiklist.is\/en\/wp-json\/wp\/v2\/media\/15757"}],"wp:attachment":[{"href":"https:\/\/leiklist.is\/en\/wp-json\/wp\/v2\/media?parent=15676"}],"wp:term":[{"taxonomy":"product_brand","embeddable":true,"href":"https:\/\/leiklist.is\/en\/wp-json\/wp\/v2\/product_brand?post=15676"},{"taxonomy":"product_cat","embeddable":true,"href":"https:\/\/leiklist.is\/en\/wp-json\/wp\/v2\/product_cat?post=15676"},{"taxonomy":"product_tag","embeddable":true,"href":"https:\/\/leiklist.is\/en\/wp-json\/wp\/v2\/product_tag?post=15676"}],"curies":[{"name":"wp","href":"https:\/\/api.w.org\/{rel}","templated":true}]}}