{"id":15661,"date":"2020-02-24T19:57:32","date_gmt":"2020-02-24T19:57:32","guid":{"rendered":"http:\/\/leiklist.websitetest.site\/product\/import-placeholder-for-5999\/"},"modified":"2023-01-17T12:22:31","modified_gmt":"2023-01-17T12:22:31","slug":"stjornur","status":"publish","type":"product","link":"https:\/\/leiklist.is\/en\/product\/stjornur\/","title":{"rendered":"Stj\u00f6rnur"},"content":{"rendered":"<p>Stj\u00f6rnur, gylltar og silfra\u00f0ar \u00ed d\u00f3s.<\/p>","protected":false},"excerpt":{"rendered":"<p>Stj\u00f6rnur, gylltar og silfra\u00f0ar \u00ed d\u00f3s.<\/p>","protected":false},"featured_media":15756,"template":"","meta":{"_et_pb_use_builder":"","_et_pb_old_content":"","_et_gb_content_width":""},"product_brand":[],"product_cat":[127,82],"product_tag":[70],"class_list":{"0":"post-15661","1":"product","2":"type-product","3":"status-publish","4":"has-post-thumbnail","6":"product_cat-make-up","7":"product_cat-ymislegt","8":"product_tag-grimas","10":"first","11":"instock","12":"taxable","13":"shipping-taxable","14":"purchasable","15":"product-type-simple"},"_links":{"self":[{"href":"https:\/\/leiklist.is\/en\/wp-json\/wp\/v2\/product\/15661","targetHints":{"allow":["GET"]}}],"collection":[{"href":"https:\/\/leiklist.is\/en\/wp-json\/wp\/v2\/product"}],"about":[{"href":"https:\/\/leiklist.is\/en\/wp-json\/wp\/v2\/types\/product"}],"wp:featuredmedia":[{"embeddable":true,"href":"https:\/\/leiklist.is\/en\/wp-json\/wp\/v2\/media\/15756"}],"wp:attachment":[{"href":"https:\/\/leiklist.is\/en\/wp-json\/wp\/v2\/media?parent=15661"}],"wp:term":[{"taxonomy":"product_brand","embeddable":true,"href":"https:\/\/leiklist.is\/en\/wp-json\/wp\/v2\/product_brand?post=15661"},{"taxonomy":"product_cat","embeddable":true,"href":"https:\/\/leiklist.is\/en\/wp-json\/wp\/v2\/product_cat?post=15661"},{"taxonomy":"product_tag","embeddable":true,"href":"https:\/\/leiklist.is\/en\/wp-json\/wp\/v2\/product_tag?post=15661"}],"curies":[{"name":"wp","href":"https:\/\/api.w.org\/{rel}","templated":true}]}}