{"id":15659,"date":"2020-02-24T19:57:32","date_gmt":"2020-02-24T19:57:32","guid":{"rendered":"http:\/\/leiklist.websitetest.site\/product\/import-placeholder-for-5996\/"},"modified":"2024-02-21T10:50:39","modified_gmt":"2024-02-21T10:50:39","slug":"mascari-svartur-og-brunn","status":"publish","type":"product","link":"https:\/\/leiklist.is\/en\/product\/mascari-svartur-og-brunn\/","title":{"rendered":"Mascari, svartur og br\u00fann"},"content":{"rendered":"<p><em>Mascari, svartur og br\u00fann \u00ed d\u00f3s til a\u00f0 lita augnh\u00e1r. Bursti fylgir. Bleyti\u00f0 \u00f6rl\u00edti\u00f0 upp \u00ed burstanum fyrir notkun.\u00a0<\/em><\/p>","protected":false},"excerpt":{"rendered":"<p>Mascari, svartur og br\u00fann \u00ed d\u00f3s til a\u00f0 lita augnh\u00e1r. Bursti fylgir. Bleyti\u00f0 \u00f6rl\u00edti\u00f0 upp \u00ed burstanum fyrir notkun.\u00a0<\/p>","protected":false},"featured_media":15754,"template":"","meta":{"_et_pb_use_builder":"","_et_pb_old_content":"","_et_gb_content_width":""},"product_brand":[],"product_cat":[135,127],"product_tag":[75],"class_list":{"0":"post-15659","1":"product","2":"type-product","3":"status-publish","4":"has-post-thumbnail","6":"product_cat-blyantar-og-mascarar","7":"product_cat-make-up","8":"product_tag-kryolan","10":"first","11":"instock","12":"taxable","13":"shipping-taxable","14":"purchasable","15":"product-type-simple"},"_links":{"self":[{"href":"https:\/\/leiklist.is\/en\/wp-json\/wp\/v2\/product\/15659","targetHints":{"allow":["GET"]}}],"collection":[{"href":"https:\/\/leiklist.is\/en\/wp-json\/wp\/v2\/product"}],"about":[{"href":"https:\/\/leiklist.is\/en\/wp-json\/wp\/v2\/types\/product"}],"wp:featuredmedia":[{"embeddable":true,"href":"https:\/\/leiklist.is\/en\/wp-json\/wp\/v2\/media\/15754"}],"wp:attachment":[{"href":"https:\/\/leiklist.is\/en\/wp-json\/wp\/v2\/media?parent=15659"}],"wp:term":[{"taxonomy":"product_brand","embeddable":true,"href":"https:\/\/leiklist.is\/en\/wp-json\/wp\/v2\/product_brand?post=15659"},{"taxonomy":"product_cat","embeddable":true,"href":"https:\/\/leiklist.is\/en\/wp-json\/wp\/v2\/product_cat?post=15659"},{"taxonomy":"product_tag","embeddable":true,"href":"https:\/\/leiklist.is\/en\/wp-json\/wp\/v2\/product_tag?post=15659"}],"curies":[{"name":"wp","href":"https:\/\/api.w.org\/{rel}","templated":true}]}}