{"id":15640,"date":"2020-02-24T19:57:09","date_gmt":"2020-02-24T19:57:09","guid":{"rendered":"http:\/\/leiklist.websitetest.site\/product\/import-placeholder-for-5969\/"},"modified":"2023-01-18T09:01:28","modified_gmt":"2023-01-18T09:01:28","slug":"augnharalim-kryolan","status":"publish","type":"product","link":"https:\/\/leiklist.is\/en\/product\/augnharalim-kryolan\/","title":{"rendered":"Augnh\u00e1ral\u00edm, Kryolan"},"content":{"rendered":"<p>Augnh\u00e1ral\u00edm, Kryolan 4. gr. t\u00fapa. Lash Adhesive Pro.<\/p>","protected":false},"excerpt":{"rendered":"<p>Augnh\u00e1ral\u00edm, Kryolan 4. gr. t\u00fapa. Lash Adhesive Pro.<\/p>","protected":false},"featured_media":15749,"template":"","meta":{"_et_pb_use_builder":"","_et_pb_old_content":"","_et_gb_content_width":""},"product_brand":[],"product_cat":[138,136],"product_tag":[75],"class_list":{"0":"post-15640","1":"product","2":"type-product","3":"status-publish","4":"has-post-thumbnail","6":"product_cat-gerviaugnahar-augu","7":"product_cat-lim-gervagerd","8":"product_tag-kryolan","10":"first","11":"outofstock","12":"taxable","13":"shipping-taxable","14":"purchasable","15":"product-type-simple"},"_links":{"self":[{"href":"https:\/\/leiklist.is\/en\/wp-json\/wp\/v2\/product\/15640","targetHints":{"allow":["GET"]}}],"collection":[{"href":"https:\/\/leiklist.is\/en\/wp-json\/wp\/v2\/product"}],"about":[{"href":"https:\/\/leiklist.is\/en\/wp-json\/wp\/v2\/types\/product"}],"wp:featuredmedia":[{"embeddable":true,"href":"https:\/\/leiklist.is\/en\/wp-json\/wp\/v2\/media\/15749"}],"wp:attachment":[{"href":"https:\/\/leiklist.is\/en\/wp-json\/wp\/v2\/media?parent=15640"}],"wp:term":[{"taxonomy":"product_brand","embeddable":true,"href":"https:\/\/leiklist.is\/en\/wp-json\/wp\/v2\/product_brand?post=15640"},{"taxonomy":"product_cat","embeddable":true,"href":"https:\/\/leiklist.is\/en\/wp-json\/wp\/v2\/product_cat?post=15640"},{"taxonomy":"product_tag","embeddable":true,"href":"https:\/\/leiklist.is\/en\/wp-json\/wp\/v2\/product_tag?post=15640"}],"curies":[{"name":"wp","href":"https:\/\/api.w.org\/{rel}","templated":true}]}}