{"id":15639,"date":"2020-02-24T19:57:09","date_gmt":"2020-02-24T19:57:09","guid":{"rendered":"http:\/\/leiklist.websitetest.site\/product\/import-placeholder-for-5966\/"},"modified":"2023-01-18T08:59:50","modified_gmt":"2023-01-18T08:59:50","slug":"duo-augnharalim","status":"publish","type":"product","link":"https:\/\/leiklist.is\/en\/product\/duo-augnharalim\/","title":{"rendered":"DUO Augnh\u00e1ral\u00edm"},"content":{"rendered":"<p>DUO Augnah\u00e1ral\u00edm, 14 gr. t\u00faba. Gl\u00e6rt.<\/p>","protected":false},"excerpt":{"rendered":"<p>DUO Augnah\u00e1ral\u00edm, 14 gr. t\u00faba. Gl\u00e6rt.<\/p>","protected":false},"featured_media":15744,"template":"","meta":{"_et_pb_use_builder":"","_et_pb_old_content":"","_et_gb_content_width":""},"product_brand":[],"product_cat":[138,136],"product_tag":[],"class_list":{"0":"post-15639","1":"product","2":"type-product","3":"status-publish","4":"has-post-thumbnail","6":"product_cat-gerviaugnahar-augu","7":"product_cat-lim-gervagerd","9":"first","10":"outofstock","11":"taxable","12":"shipping-taxable","13":"purchasable","14":"product-type-simple"},"_links":{"self":[{"href":"https:\/\/leiklist.is\/en\/wp-json\/wp\/v2\/product\/15639","targetHints":{"allow":["GET"]}}],"collection":[{"href":"https:\/\/leiklist.is\/en\/wp-json\/wp\/v2\/product"}],"about":[{"href":"https:\/\/leiklist.is\/en\/wp-json\/wp\/v2\/types\/product"}],"wp:featuredmedia":[{"embeddable":true,"href":"https:\/\/leiklist.is\/en\/wp-json\/wp\/v2\/media\/15744"}],"wp:attachment":[{"href":"https:\/\/leiklist.is\/en\/wp-json\/wp\/v2\/media?parent=15639"}],"wp:term":[{"taxonomy":"product_brand","embeddable":true,"href":"https:\/\/leiklist.is\/en\/wp-json\/wp\/v2\/product_brand?post=15639"},{"taxonomy":"product_cat","embeddable":true,"href":"https:\/\/leiklist.is\/en\/wp-json\/wp\/v2\/product_cat?post=15639"},{"taxonomy":"product_tag","embeddable":true,"href":"https:\/\/leiklist.is\/en\/wp-json\/wp\/v2\/product_tag?post=15639"}],"curies":[{"name":"wp","href":"https:\/\/api.w.org\/{rel}","templated":true}]}}