{"id":15636,"date":"2020-02-24T19:57:08","date_gmt":"2020-02-24T19:57:08","guid":{"rendered":"http:\/\/leiklist.websitetest.site\/product\/import-placeholder-for-5950\/"},"modified":"2026-02-24T10:33:39","modified_gmt":"2026-02-24T10:33:39","slug":"augnskuggar-og-kinnalitir-grimas","status":"publish","type":"product","link":"https:\/\/leiklist.is\/en\/product\/augnskuggar-og-kinnalitir-grimas\/","title":{"rendered":"Augnskuggar og kinnalitir, Grimas"},"content":{"rendered":"<p>Grimas Augnskuggar og kinnalitir, 29 litir, \u00a05 gr. d\u00f3s.\u00a0Smelli\u00f0 \u00e1 myndirnar til a\u00f0 sj\u00e1 litan\u00famerin.<\/p>\n<p>&nbsp;<\/p>","protected":false},"excerpt":{"rendered":"<p>Grimas Augnskuggar og kinnalitir, 29 litir, \u00a05 gr. d\u00f3s.\u00a0Smelli\u00f0 \u00e1 myndirnar til a\u00f0 sj\u00e1 litan\u00famerin. &nbsp;<\/p>","protected":false},"featured_media":15733,"template":"","meta":{"_et_pb_use_builder":"","_et_pb_old_content":"","_et_gb_content_width":""},"product_brand":[],"product_cat":[137,127],"product_tag":[70],"class_list":{"0":"post-15636","1":"product","2":"type-product","3":"status-publish","4":"has-post-thumbnail","6":"product_cat-augnskuggar-augu","7":"product_cat-make-up","8":"product_tag-grimas","10":"first","11":"instock","12":"taxable","13":"shipping-taxable","14":"purchasable","15":"product-type-variable"},"_links":{"self":[{"href":"https:\/\/leiklist.is\/en\/wp-json\/wp\/v2\/product\/15636","targetHints":{"allow":["GET"]}}],"collection":[{"href":"https:\/\/leiklist.is\/en\/wp-json\/wp\/v2\/product"}],"about":[{"href":"https:\/\/leiklist.is\/en\/wp-json\/wp\/v2\/types\/product"}],"wp:featuredmedia":[{"embeddable":true,"href":"https:\/\/leiklist.is\/en\/wp-json\/wp\/v2\/media\/15733"}],"wp:attachment":[{"href":"https:\/\/leiklist.is\/en\/wp-json\/wp\/v2\/media?parent=15636"}],"wp:term":[{"taxonomy":"product_brand","embeddable":true,"href":"https:\/\/leiklist.is\/en\/wp-json\/wp\/v2\/product_brand?post=15636"},{"taxonomy":"product_cat","embeddable":true,"href":"https:\/\/leiklist.is\/en\/wp-json\/wp\/v2\/product_cat?post=15636"},{"taxonomy":"product_tag","embeddable":true,"href":"https:\/\/leiklist.is\/en\/wp-json\/wp\/v2\/product_tag?post=15636"}],"curies":[{"name":"wp","href":"https:\/\/api.w.org\/{rel}","templated":true}]}}