{"id":15635,"date":"2020-02-24T19:57:08","date_gmt":"2020-02-24T19:57:08","guid":{"rendered":"http:\/\/leiklist.websitetest.site\/product\/import-placeholder-for-5943\/"},"modified":"2026-02-18T14:06:33","modified_gmt":"2026-02-18T14:06:33","slug":"fordunarblyantar-grimas","status":"publish","type":"product","link":"https:\/\/leiklist.is\/en\/product\/fordunarblyantar-grimas\/","title":{"rendered":"F\u00f6r\u00f0unarbl\u00fdantar, Grimas"},"content":{"rendered":"<p>F\u00f6r\u00f0unarbl\u00fdantar, nokkrir litir fyrir augu, augabr\u00fanir og varir.<\/p>","protected":false},"excerpt":{"rendered":"<p>F\u00f6r\u00f0unarbl\u00fdantar, nokkrir litir fyrir augu, augabr\u00fanir og varir.<\/p>","protected":false},"featured_media":15707,"template":"","meta":{"_et_pb_use_builder":"","_et_pb_old_content":"","_et_gb_content_width":""},"product_brand":[],"product_cat":[103,135,127],"product_tag":[70,75],"class_list":{"0":"post-15635","1":"product","2":"type-product","3":"status-publish","4":"has-post-thumbnail","6":"product_cat-ahold","7":"product_cat-blyantar-og-mascarar","8":"product_cat-make-up","9":"product_tag-grimas","10":"product_tag-kryolan","12":"first","13":"instock","14":"taxable","15":"shipping-taxable","16":"purchasable","17":"product-type-variable"},"_links":{"self":[{"href":"https:\/\/leiklist.is\/en\/wp-json\/wp\/v2\/product\/15635","targetHints":{"allow":["GET"]}}],"collection":[{"href":"https:\/\/leiklist.is\/en\/wp-json\/wp\/v2\/product"}],"about":[{"href":"https:\/\/leiklist.is\/en\/wp-json\/wp\/v2\/types\/product"}],"wp:featuredmedia":[{"embeddable":true,"href":"https:\/\/leiklist.is\/en\/wp-json\/wp\/v2\/media\/15707"}],"wp:attachment":[{"href":"https:\/\/leiklist.is\/en\/wp-json\/wp\/v2\/media?parent=15635"}],"wp:term":[{"taxonomy":"product_brand","embeddable":true,"href":"https:\/\/leiklist.is\/en\/wp-json\/wp\/v2\/product_brand?post=15635"},{"taxonomy":"product_cat","embeddable":true,"href":"https:\/\/leiklist.is\/en\/wp-json\/wp\/v2\/product_cat?post=15635"},{"taxonomy":"product_tag","embeddable":true,"href":"https:\/\/leiklist.is\/en\/wp-json\/wp\/v2\/product_tag?post=15635"}],"curies":[{"name":"wp","href":"https:\/\/api.w.org\/{rel}","templated":true}]}}