{"id":15633,"date":"2020-02-24T19:57:08","date_gmt":"2020-02-24T19:57:08","guid":{"rendered":"http:\/\/leiklist.websitetest.site\/product\/import-placeholder-for-5926\/"},"modified":"2025-08-20T13:47:05","modified_gmt":"2025-08-20T13:47:05","slug":"blodhylki-gelatin-tom-20-stk","status":"publish","type":"product","link":"https:\/\/leiklist.is\/en\/product\/blodhylki-gelatin-tom-20-stk\/","title":{"rendered":"Bl\u00f3\u00f0hylki, gelat\u00edn t\u00f3m 10 stk."},"content":{"rendered":"<p><em>T\u00f3m gelatinhylki fyrir gervibl\u00f3\u00f0 10 stk.\u00a0<\/em><\/p>\n<p><a href=\"http:\/\/dramashop.dk\/category\/blodkapsler-og-gelatinekapsler-139\/\">N\u00e1nari uppl\u00fdsingar.<\/a><\/p>","protected":false},"excerpt":{"rendered":"<p>T\u00f3m gelatinhylki fyrir gervibl\u00f3\u00f0 10 stk.\u00a0 N\u00e1nari uppl\u00fdsingar.<\/p>","protected":false},"featured_media":15704,"template":"","meta":{"_et_pb_use_builder":"","_et_pb_old_content":"","_et_gb_content_width":""},"product_brand":[],"product_cat":[77],"product_tag":[70],"class_list":{"0":"post-15633","1":"product","2":"type-product","3":"status-publish","4":"has-post-thumbnail","6":"product_cat-gerviblod","7":"product_tag-grimas","9":"first","10":"instock","11":"taxable","12":"shipping-taxable","13":"purchasable","14":"product-type-simple"},"_links":{"self":[{"href":"https:\/\/leiklist.is\/en\/wp-json\/wp\/v2\/product\/15633","targetHints":{"allow":["GET"]}}],"collection":[{"href":"https:\/\/leiklist.is\/en\/wp-json\/wp\/v2\/product"}],"about":[{"href":"https:\/\/leiklist.is\/en\/wp-json\/wp\/v2\/types\/product"}],"wp:featuredmedia":[{"embeddable":true,"href":"https:\/\/leiklist.is\/en\/wp-json\/wp\/v2\/media\/15704"}],"wp:attachment":[{"href":"https:\/\/leiklist.is\/en\/wp-json\/wp\/v2\/media?parent=15633"}],"wp:term":[{"taxonomy":"product_brand","embeddable":true,"href":"https:\/\/leiklist.is\/en\/wp-json\/wp\/v2\/product_brand?post=15633"},{"taxonomy":"product_cat","embeddable":true,"href":"https:\/\/leiklist.is\/en\/wp-json\/wp\/v2\/product_cat?post=15633"},{"taxonomy":"product_tag","embeddable":true,"href":"https:\/\/leiklist.is\/en\/wp-json\/wp\/v2\/product_tag?post=15633"}],"curies":[{"name":"wp","href":"https:\/\/api.w.org\/{rel}","templated":true}]}}