{"id":15631,"date":"2020-02-24T19:57:08","date_gmt":"2020-02-24T19:57:08","guid":{"rendered":"http:\/\/leiklist.websitetest.site\/product\/import-placeholder-for-5921\/"},"modified":"2026-02-18T20:31:25","modified_gmt":"2026-02-18T20:31:25","slug":"fresh-scratch-blod-kryolan","status":"publish","type":"product","link":"https:\/\/leiklist.is\/en\/product\/fresh-scratch-blod-kryolan\/","title":{"rendered":"Fresh Scratch bl\u00f3\u00f0, Kryolan"},"content":{"rendered":"<p class=\"p1\"><em>Fresh Scratch bl\u00f3\u00f0 fr\u00e1 Kryolan<\/em>. \u00deykkt gerfibl\u00f3\u00f0 \u00ed sultuformi sem heldur glansinum \u00feegar \u00fea\u00f0 \u00feornar. Fr\u00e1b\u00e6rt \u00ed s\u00e1r, \u00feornar flj\u00f3tt og \u00fearf bara a\u00f0 kroppa af. Til \u00ed 15 og 30 ml. d\u00f3sum \u00ed lj\u00f3s- e\u00f0a d\u00f6kkrau\u00f0u.<\/p>\n<p class=\"p1\">N\u00e1nari uppl\u00fdsingar og innihaldsefni: <a href=\"https:\/\/global.kryolan.com\/product\/fresh-scratch\">https:\/\/global.kryolan.com\/product\/fresh-scratch<\/a><\/p>\n<p>&nbsp;<\/p>","protected":false},"excerpt":{"rendered":"<p>\u00deykkt gerfibl\u00f3\u00f0 \u00ed sultuformi sem heldur glansinum \u00feegar \u00fea\u00f0 \u00feornar.<\/p>","protected":false},"featured_media":34697,"template":"","meta":{"_et_pb_use_builder":"","_et_pb_old_content":"","_et_gb_content_width":""},"product_brand":[],"product_cat":[77],"product_tag":[75],"class_list":{"0":"post-15631","1":"product","2":"type-product","3":"status-publish","4":"has-post-thumbnail","6":"product_cat-gerviblod","7":"product_tag-kryolan","9":"first","10":"instock","11":"taxable","12":"shipping-taxable","13":"purchasable","14":"product-type-variable"},"_links":{"self":[{"href":"https:\/\/leiklist.is\/en\/wp-json\/wp\/v2\/product\/15631","targetHints":{"allow":["GET"]}}],"collection":[{"href":"https:\/\/leiklist.is\/en\/wp-json\/wp\/v2\/product"}],"about":[{"href":"https:\/\/leiklist.is\/en\/wp-json\/wp\/v2\/types\/product"}],"wp:featuredmedia":[{"embeddable":true,"href":"https:\/\/leiklist.is\/en\/wp-json\/wp\/v2\/media\/34697"}],"wp:attachment":[{"href":"https:\/\/leiklist.is\/en\/wp-json\/wp\/v2\/media?parent=15631"}],"wp:term":[{"taxonomy":"product_brand","embeddable":true,"href":"https:\/\/leiklist.is\/en\/wp-json\/wp\/v2\/product_brand?post=15631"},{"taxonomy":"product_cat","embeddable":true,"href":"https:\/\/leiklist.is\/en\/wp-json\/wp\/v2\/product_cat?post=15631"},{"taxonomy":"product_tag","embeddable":true,"href":"https:\/\/leiklist.is\/en\/wp-json\/wp\/v2\/product_tag?post=15631"}],"curies":[{"name":"wp","href":"https:\/\/api.w.org\/{rel}","templated":true}]}}