{"id":15625,"date":"2020-02-24T19:57:07","date_gmt":"2020-02-24T19:57:07","guid":{"rendered":"http:\/\/leiklist.websitetest.site\/product\/import-placeholder-for-5913\/"},"modified":"2026-03-08T14:45:52","modified_gmt":"2026-03-08T14:45:52","slug":"gerviblod-kryolan-special-blood-iew","status":"publish","type":"product","link":"https:\/\/leiklist.is\/en\/product\/gerviblod-kryolan-special-blood-iew\/","title":{"rendered":"Flj\u00f3tandi gervibl\u00f3\u00f0 &#8211; Kryolan Special Blood IEW"},"content":{"rendered":"<p class=\"p1\"><em>Special Blood IEW<\/em>\u00a0er flj\u00f3tandi gervibl\u00f3\u00f0 til \u00fdmissa nota. \u00dea\u00f0 rennur h\u00e6gt og virkar mj\u00f6g raunverulegt. Bl\u00f3\u00f0i\u00f0 n\u00e6st vel \u00far flestum efnum og \u00fea\u00f0 er \u00ed lagi a\u00f0 nota \u00fea\u00f0 \u00ed munn, s.s. sem fyllingu \u00ed gelat\u00ednhylki.<\/p>\n<p class=\"pagenavbar\">Bl\u00f3\u00f0i\u00f0 er til \u00ed Dark og f\u00e6st \u00ed 4 st\u00e6r\u00f0um:\u00a050 ml. \u00a0100 ml.\u00a0500 ml. og\u00a01000 ml.<\/p>\n<p class=\"p1\">Innihaldsefni:<br \/>\nAqua (Water), Glycerin, Cellulose Gum, Xanthan Gum, PEG- 7 Glyceryl Cocoate, Cyclopentasiloxane, Phenoxyethanol, Methylparaben, Sodium Methylparaben, Triethanolamine, Ethylparaben, Propylparaben, Benzyl Alcohol, Amyl Cinnamal, Parfum (Fragrance) and may contain: [+\/- Iron Oxides CI 77499, Carmine CI 75470, Yellow 5 Lake CI 19140] May contain carmine as a color additive.<\/p>\n","protected":false},"excerpt":{"rendered":"<p>Flj\u00f3tandi gervibl\u00f3\u00f0 til \u00fdmissa nota.<\/p>","protected":false},"featured_media":34662,"template":"","meta":{"_et_pb_use_builder":"","_et_pb_old_content":"","_et_gb_content_width":""},"product_brand":[],"product_cat":[77],"product_tag":[75],"class_list":{"0":"post-15625","1":"product","2":"type-product","3":"status-publish","4":"has-post-thumbnail","6":"product_cat-gerviblod","7":"product_tag-kryolan","9":"first","10":"instock","11":"taxable","12":"shipping-taxable","13":"purchasable","14":"product-type-variable"},"_links":{"self":[{"href":"https:\/\/leiklist.is\/en\/wp-json\/wp\/v2\/product\/15625","targetHints":{"allow":["GET"]}}],"collection":[{"href":"https:\/\/leiklist.is\/en\/wp-json\/wp\/v2\/product"}],"about":[{"href":"https:\/\/leiklist.is\/en\/wp-json\/wp\/v2\/types\/product"}],"wp:featuredmedia":[{"embeddable":true,"href":"https:\/\/leiklist.is\/en\/wp-json\/wp\/v2\/media\/34662"}],"wp:attachment":[{"href":"https:\/\/leiklist.is\/en\/wp-json\/wp\/v2\/media?parent=15625"}],"wp:term":[{"taxonomy":"product_brand","embeddable":true,"href":"https:\/\/leiklist.is\/en\/wp-json\/wp\/v2\/product_brand?post=15625"},{"taxonomy":"product_cat","embeddable":true,"href":"https:\/\/leiklist.is\/en\/wp-json\/wp\/v2\/product_cat?post=15625"},{"taxonomy":"product_tag","embeddable":true,"href":"https:\/\/leiklist.is\/en\/wp-json\/wp\/v2\/product_tag?post=15625"}],"curies":[{"name":"wp","href":"https:\/\/api.w.org\/{rel}","templated":true}]}}