{"id":15624,"date":"2020-02-24T19:57:07","date_gmt":"2020-02-24T19:57:07","guid":{"rendered":"http:\/\/leiklist.websitetest.site\/product\/import-placeholder-for-5727\/"},"modified":"2026-02-14T18:17:22","modified_gmt":"2026-02-14T18:17:22","slug":"skeggvax-grimas-40-ml","status":"publish","type":"product","link":"https:\/\/leiklist.is\/en\/product\/skeggvax-grimas-40-ml\/","title":{"rendered":"Skeggbroddavax, Grimas"},"content":{"rendered":"<p>Skeggvax (Stoppelpasta), Grimas 23ml. stautur e\u00f0a 2,5ml d\u00f3s.<\/p>\n<p>Gott efni \u00feegar \u00fe\u00fa vilt gera \u00feriggja daga skegg e\u00f0a skeggr\u00f3t. \u00de\u00fa ber\u00f0 vaxi\u00f0 \u00e1 h\u00fa\u00f0ina og d\u00fappar svo ni\u00f0urklipptu h\u00e1ri \u00ed s\u00e1ri\u00f0. Virkar mj\u00f6g raunverulegt.<\/p>\n<p>Sj\u00e1 notkun h\u00e9r:<br \/>\n<iframe loading=\"lazy\" src=\"https:\/\/player.vimeo.com\/video\/452511861\" width=\"640\" height=\"360\" frameborder=\"0\" allowfullscreen=\"allowfullscreen\"><\/iframe><\/p>","protected":false},"excerpt":{"rendered":"<p>Skeggvax (Stoppelpasta), Grimas 23ml. stautur e\u00f0a 2,5ml d\u00f3s. Gott efni \u00feegar \u00fe\u00fa vilt gera \u00feriggja daga skegg e\u00f0a skeggr\u00f3t. \u00de\u00fa ber\u00f0 vaxi\u00f0 \u00e1 h\u00fa\u00f0ina og d\u00fappar svo ni\u00f0urklipptu h\u00e1ri \u00ed s\u00e1ri\u00f0. Virkar mj\u00f6g raunverulegt. Sj\u00e1 notkun h\u00e9r:<\/p>","protected":false},"featured_media":15682,"template":"","meta":{"_et_pb_use_builder":"","_et_pb_old_content":"","_et_gb_content_width":""},"product_brand":[],"product_cat":[124,133],"product_tag":[70],"class_list":{"0":"post-15624","1":"product","2":"type-product","3":"status-publish","4":"has-post-thumbnail","6":"product_cat-latex-vax-gervagerd","7":"product_cat-skegg-harvorur","8":"product_tag-grimas","10":"first","11":"instock","12":"taxable","13":"shipping-taxable","14":"purchasable","15":"product-type-variable"},"_links":{"self":[{"href":"https:\/\/leiklist.is\/en\/wp-json\/wp\/v2\/product\/15624","targetHints":{"allow":["GET"]}}],"collection":[{"href":"https:\/\/leiklist.is\/en\/wp-json\/wp\/v2\/product"}],"about":[{"href":"https:\/\/leiklist.is\/en\/wp-json\/wp\/v2\/types\/product"}],"wp:featuredmedia":[{"embeddable":true,"href":"https:\/\/leiklist.is\/en\/wp-json\/wp\/v2\/media\/15682"}],"wp:attachment":[{"href":"https:\/\/leiklist.is\/en\/wp-json\/wp\/v2\/media?parent=15624"}],"wp:term":[{"taxonomy":"product_brand","embeddable":true,"href":"https:\/\/leiklist.is\/en\/wp-json\/wp\/v2\/product_brand?post=15624"},{"taxonomy":"product_cat","embeddable":true,"href":"https:\/\/leiklist.is\/en\/wp-json\/wp\/v2\/product_cat?post=15624"},{"taxonomy":"product_tag","embeddable":true,"href":"https:\/\/leiklist.is\/en\/wp-json\/wp\/v2\/product_tag?post=15624"}],"curies":[{"name":"wp","href":"https:\/\/api.w.org\/{rel}","templated":true}]}}