{"id":15623,"date":"2020-02-24T19:57:07","date_gmt":"2020-02-24T19:57:07","guid":{"rendered":"http:\/\/leiklist.websitetest.site\/product\/import-placeholder-for-5722\/"},"modified":"2025-09-24T10:48:59","modified_gmt":"2025-09-24T10:48:59","slug":"skeggvax-fra-kryolan-6-ml","status":"publish","type":"product","link":"https:\/\/leiklist.is\/en\/product\/skeggvax-fra-kryolan-6-ml\/","title":{"rendered":"Skeggvax fr\u00e1 Kryolan 6 ml."},"content":{"rendered":"<p><em><i>Moustache Wax fr\u00e1 Kryolan.<\/i> Gl\u00e6rt skeggvax nota\u00f0 til m\u00f3tunar \u00e1 skeggi, b\u00e6\u00f0i ekta og gerfi. 6 ml. t\u00fapa.<\/em><\/p>","protected":false},"excerpt":{"rendered":"<p>Moustache Wax fr\u00e1 Kryolan. Gl\u00e6rt skeggvax nota\u00f0 til m\u00f3tunar \u00e1 skeggi, b\u00e6\u00f0i ekta og gerfi. 6 ml. t\u00fapa.<\/p>","protected":false},"featured_media":36751,"template":"","meta":{"_et_pb_use_builder":"","_et_pb_old_content":"","_et_gb_content_width":""},"product_brand":[],"product_cat":[136,133],"product_tag":[75],"class_list":{"0":"post-15623","1":"product","2":"type-product","3":"status-publish","4":"has-post-thumbnail","6":"product_cat-lim-gervagerd","7":"product_cat-skegg-harvorur","8":"product_tag-kryolan","10":"first","11":"instock","12":"taxable","13":"shipping-taxable","14":"purchasable","15":"product-type-simple"},"_links":{"self":[{"href":"https:\/\/leiklist.is\/en\/wp-json\/wp\/v2\/product\/15623","targetHints":{"allow":["GET"]}}],"collection":[{"href":"https:\/\/leiklist.is\/en\/wp-json\/wp\/v2\/product"}],"about":[{"href":"https:\/\/leiklist.is\/en\/wp-json\/wp\/v2\/types\/product"}],"wp:featuredmedia":[{"embeddable":true,"href":"https:\/\/leiklist.is\/en\/wp-json\/wp\/v2\/media\/36751"}],"wp:attachment":[{"href":"https:\/\/leiklist.is\/en\/wp-json\/wp\/v2\/media?parent=15623"}],"wp:term":[{"taxonomy":"product_brand","embeddable":true,"href":"https:\/\/leiklist.is\/en\/wp-json\/wp\/v2\/product_brand?post=15623"},{"taxonomy":"product_cat","embeddable":true,"href":"https:\/\/leiklist.is\/en\/wp-json\/wp\/v2\/product_cat?post=15623"},{"taxonomy":"product_tag","embeddable":true,"href":"https:\/\/leiklist.is\/en\/wp-json\/wp\/v2\/product_tag?post=15623"}],"curies":[{"name":"wp","href":"https:\/\/api.w.org\/{rel}","templated":true}]}}