{"id":15621,"date":"2020-02-24T19:57:06","date_gmt":"2020-02-24T19:57:06","guid":{"rendered":"http:\/\/leiklist.websitetest.site\/product\/import-placeholder-for-5713\/"},"modified":"2025-04-04T09:00:23","modified_gmt":"2025-04-04T09:00:23","slug":"yfirskegg-superstar","status":"publish","type":"product","link":"https:\/\/leiklist.is\/en\/product\/yfirskegg-superstar\/","title":{"rendered":"Yfirskegg Superstar"},"content":{"rendered":"<p><em>Yfirskegg Superstar, <\/em>nokkrir litir og ger\u00f0ir. Skeggin eru til \u00ed br\u00fanu, gr\u00e1u og sv\u00f6rtu. <strong>ATH! Ekki eru r\u00e9ttar myndir af \u00f6llum ger\u00f0um og litum.\u00a0<\/strong><\/p>","protected":false},"excerpt":{"rendered":"<p>Yfirskegg Superstar, nokkrir litir og ger\u00f0ir. Skeggin eru til \u00ed br\u00fanu, gr\u00e1u og sv\u00f6rtu. ATH! Ekki eru r\u00e9ttar myndir af \u00f6llum ger\u00f0um og litum.\u00a0<\/p>","protected":false},"featured_media":41172,"template":"","meta":{"_et_pb_use_builder":"","_et_pb_old_content":"","_et_gb_content_width":""},"product_brand":[],"product_cat":[133],"product_tag":[],"class_list":{"0":"post-15621","1":"product","2":"type-product","3":"status-publish","4":"has-post-thumbnail","6":"product_cat-skegg-harvorur","8":"first","9":"instock","10":"taxable","11":"shipping-taxable","12":"purchasable","13":"product-type-variable"},"_links":{"self":[{"href":"https:\/\/leiklist.is\/en\/wp-json\/wp\/v2\/product\/15621","targetHints":{"allow":["GET"]}}],"collection":[{"href":"https:\/\/leiklist.is\/en\/wp-json\/wp\/v2\/product"}],"about":[{"href":"https:\/\/leiklist.is\/en\/wp-json\/wp\/v2\/types\/product"}],"wp:featuredmedia":[{"embeddable":true,"href":"https:\/\/leiklist.is\/en\/wp-json\/wp\/v2\/media\/41172"}],"wp:attachment":[{"href":"https:\/\/leiklist.is\/en\/wp-json\/wp\/v2\/media?parent=15621"}],"wp:term":[{"taxonomy":"product_brand","embeddable":true,"href":"https:\/\/leiklist.is\/en\/wp-json\/wp\/v2\/product_brand?post=15621"},{"taxonomy":"product_cat","embeddable":true,"href":"https:\/\/leiklist.is\/en\/wp-json\/wp\/v2\/product_cat?post=15621"},{"taxonomy":"product_tag","embeddable":true,"href":"https:\/\/leiklist.is\/en\/wp-json\/wp\/v2\/product_tag?post=15621"}],"curies":[{"name":"wp","href":"https:\/\/api.w.org\/{rel}","templated":true}]}}