{"id":15620,"date":"2020-02-24T19:57:06","date_gmt":"2020-02-24T19:57:06","guid":{"rendered":"http:\/\/leiklist.websitetest.site\/product\/import-placeholder-for-5711\/"},"modified":"2023-03-16T10:13:08","modified_gmt":"2023-03-16T10:13:08","slug":"yfirskegg-einnota","status":"publish","type":"product","link":"https:\/\/leiklist.is\/en\/product\/yfirskegg-einnota\/","title":{"rendered":"Yfirskegg, einnota"},"content":{"rendered":"<p>Yfirskegg, einnota me\u00f0 l\u00edmi, nokkrir litir og ger\u00f0ir.<\/p>\n<p>&nbsp;<\/p>","protected":false},"excerpt":{"rendered":"<p>Yfirskegg, einnota me\u00f0 l\u00edmi, nokkrir litir og ger\u00f0ir. &nbsp;<\/p>","protected":false},"featured_media":15664,"template":"","meta":{"_et_pb_use_builder":"","_et_pb_old_content":"","_et_gb_content_width":""},"product_brand":[],"product_cat":[133],"product_tag":[],"class_list":{"0":"post-15620","1":"product","2":"type-product","3":"status-publish","4":"has-post-thumbnail","6":"product_cat-skegg-harvorur","8":"first","9":"outofstock","10":"taxable","11":"shipping-taxable","12":"purchasable","13":"product-type-simple"},"_links":{"self":[{"href":"https:\/\/leiklist.is\/en\/wp-json\/wp\/v2\/product\/15620","targetHints":{"allow":["GET"]}}],"collection":[{"href":"https:\/\/leiklist.is\/en\/wp-json\/wp\/v2\/product"}],"about":[{"href":"https:\/\/leiklist.is\/en\/wp-json\/wp\/v2\/types\/product"}],"wp:featuredmedia":[{"embeddable":true,"href":"https:\/\/leiklist.is\/en\/wp-json\/wp\/v2\/media\/15664"}],"wp:attachment":[{"href":"https:\/\/leiklist.is\/en\/wp-json\/wp\/v2\/media?parent=15620"}],"wp:term":[{"taxonomy":"product_brand","embeddable":true,"href":"https:\/\/leiklist.is\/en\/wp-json\/wp\/v2\/product_brand?post=15620"},{"taxonomy":"product_cat","embeddable":true,"href":"https:\/\/leiklist.is\/en\/wp-json\/wp\/v2\/product_cat?post=15620"},{"taxonomy":"product_tag","embeddable":true,"href":"https:\/\/leiklist.is\/en\/wp-json\/wp\/v2\/product_tag?post=15620"}],"curies":[{"name":"wp","href":"https:\/\/api.w.org\/{rel}","templated":true}]}}