{"id":15617,"date":"2020-02-24T19:57:06","date_gmt":"2020-02-24T19:57:06","guid":{"rendered":"http:\/\/leiklist.websitetest.site\/product\/import-placeholder-for-5670\/"},"modified":"2025-03-21T11:32:18","modified_gmt":"2025-03-21T11:32:18","slug":"supracolor-12-lita-box","status":"publish","type":"product","link":"https:\/\/leiklist.is\/en\/product\/supracolor-12-lita-box\/","title":{"rendered":"Supracolor, 12 e\u00f0a 6 lita box"},"content":{"rendered":"<p>Supracolor eru kremlitir fr\u00e1 Kryolan. \u00deeir hafa reynst vel \u00ed \u00e1ratugi og eru alltaf \u00ed \u00fer\u00f3un. \u00deeir eru framleiddir \u00far vi\u00f0urkenndum ol\u00edum og ofn\u00e6mispr\u00f3fu\u00f0um litarefnum. Kemur \u00ed 6 e\u00f0a 12 lita boxi. Margar litasamsetningar eru \u00ed bo\u00f0i. \u00deetta eru flottir litir sem gott er a\u00f0 vinna me\u00f0, \u00feeir blandast og \u00feekja mj\u00f6g vel.<\/p>\n<p>12 lita boxin eru \u00far m\u00e1lmi, 9 x 23 cm. a\u00f0 st\u00e6r\u00f0 me\u00f0 \u00fatskiptanlegum litum. H\u00e6gt er a\u00f0 s\u00e9rpanta fyllingar \u00ed \u00feessi box. Litaval og heiti boxanna sj\u00e1st \u00e1 mynd. Supracolor n\u00e6st af me\u00f0 hreinsikremi e\u00f0a hreinsiol\u00edu.<\/p>\n<pre><\/pre>","protected":false},"excerpt":{"rendered":"<p>Supracolor eru kremlitir fr\u00e1 Kryolan. \u00deeir hafa reynst vel \u00ed \u00e1ratugi og eru alltaf \u00ed \u00fer\u00f3un. \u00deeir eru framleiddir \u00far vi\u00f0urkenndum ol\u00edum og ofn\u00e6mispr\u00f3fu\u00f0um litarefnum. Kemur \u00ed 6 e\u00f0a 12 lita boxi. Margar litasamsetningar eru \u00ed bo\u00f0i. \u00deetta eru flottir litir sem gott er a\u00f0 vinna me\u00f0, \u00feeir blandast og \u00feekja mj\u00f6g vel. 12 lita [&hellip;]<\/p>\n","protected":false},"featured_media":37113,"template":"","meta":{"_et_pb_use_builder":"","_et_pb_old_content":"","_et_gb_content_width":""},"product_brand":[],"product_cat":[126,127],"product_tag":[75],"class_list":{"0":"post-15617","1":"product","2":"type-product","3":"status-publish","4":"has-post-thumbnail","6":"product_cat-andlits-likamslitir","7":"product_cat-make-up","8":"product_tag-kryolan","10":"first","11":"outofstock","12":"taxable","13":"shipping-taxable","14":"purchasable","15":"product-type-variable"},"_links":{"self":[{"href":"https:\/\/leiklist.is\/en\/wp-json\/wp\/v2\/product\/15617","targetHints":{"allow":["GET"]}}],"collection":[{"href":"https:\/\/leiklist.is\/en\/wp-json\/wp\/v2\/product"}],"about":[{"href":"https:\/\/leiklist.is\/en\/wp-json\/wp\/v2\/types\/product"}],"wp:featuredmedia":[{"embeddable":true,"href":"https:\/\/leiklist.is\/en\/wp-json\/wp\/v2\/media\/37113"}],"wp:attachment":[{"href":"https:\/\/leiklist.is\/en\/wp-json\/wp\/v2\/media?parent=15617"}],"wp:term":[{"taxonomy":"product_brand","embeddable":true,"href":"https:\/\/leiklist.is\/en\/wp-json\/wp\/v2\/product_brand?post=15617"},{"taxonomy":"product_cat","embeddable":true,"href":"https:\/\/leiklist.is\/en\/wp-json\/wp\/v2\/product_cat?post=15617"},{"taxonomy":"product_tag","embeddable":true,"href":"https:\/\/leiklist.is\/en\/wp-json\/wp\/v2\/product_tag?post=15617"}],"curies":[{"name":"wp","href":"https:\/\/api.w.org\/{rel}","templated":true}]}}