{"id":15616,"date":"2020-02-24T19:57:06","date_gmt":"2020-02-24T19:57:06","guid":{"rendered":"http:\/\/leiklist.websitetest.site\/product\/import-placeholder-for-5666\/"},"modified":"2026-01-20T11:44:38","modified_gmt":"2026-01-20T11:44:38","slug":"cream-color-circle-6-lita-hjol","status":"publish","type":"product","link":"https:\/\/leiklist.is\/en\/product\/cream-color-circle-6-lita-hjol\/","title":{"rendered":"Cream color circle, 6 lita hj\u00f3l"},"content":{"rendered":"<p><em>Cream color circle<\/em> eru kremlitir fr\u00e1 Kryolan. \u00deeir hafa reynst vel \u00ed \u00e1ratugi og eru alltaf \u00ed \u00fer\u00f3un. \u00deeir eru framleiddir \u00far vi\u00f0urkenndum ol\u00edum og ofn\u00e6mispr\u00f3fu\u00f0um litarefnum. Margar litasamsetningar eru \u00ed bo\u00f0i. \u00deetta eru flottir litir sem gott er a\u00f0 vinna me\u00f0, \u00feeir blandast og \u00feekja mj\u00f6g vel.<br \/>\n6 lita boxin eru \u00ed raun 6 litir \u00ed einni d\u00f3s, svok\u00f6llu\u00f0 litahj\u00f3l, 6,8 cm \u00ed \u00feverm\u00e1l. \u00a0Samtals litir 30 gr.<br \/>\nLitirnir n\u00e1st af me\u00f0 hreinsikremi e\u00f0a hreinsiol\u00edu.<br \/>\nLitasamsetningar eru fj\u00f6lmargar og gefur heiti hvers hj\u00f3ls til kynna til hvers hver samsetning n\u00fdtist.<br \/>\n<em>Black Eye, Black Eye 2, Creature Feature, Monster, Burned Skin, SPN 01, Death, Corpse, Corpse 2<br \/>\nZombie, Bruise, Multi Color, Old Age<\/em><\/p>","protected":false},"excerpt":{"rendered":"<p>Cream color circle eru kremlitir fr\u00e1 Kryolan. \u00deeir hafa reynst vel \u00ed \u00e1ratugi og eru alltaf \u00ed \u00fer\u00f3un. \u00deeir eru framleiddir \u00far vi\u00f0urkenndum ol\u00edum og ofn\u00e6mispr\u00f3fu\u00f0um litarefnum. Margar litasamsetningar eru \u00ed bo\u00f0i. \u00deetta eru flottir litir sem gott er a\u00f0 vinna me\u00f0, \u00feeir blandast og \u00feekja mj\u00f6g vel. 6 lita boxin eru \u00ed raun 6 [&hellip;]<\/p>\n","protected":false},"featured_media":15651,"template":"","meta":{"_et_pb_use_builder":"","_et_pb_old_content":"","_et_gb_content_width":""},"product_brand":[],"product_cat":[126,127],"product_tag":[75],"class_list":{"0":"post-15616","1":"product","2":"type-product","3":"status-publish","4":"has-post-thumbnail","6":"product_cat-andlits-likamslitir","7":"product_cat-make-up","8":"product_tag-kryolan","10":"first","11":"instock","12":"taxable","13":"shipping-taxable","14":"purchasable","15":"product-type-variable"},"_links":{"self":[{"href":"https:\/\/leiklist.is\/en\/wp-json\/wp\/v2\/product\/15616","targetHints":{"allow":["GET"]}}],"collection":[{"href":"https:\/\/leiklist.is\/en\/wp-json\/wp\/v2\/product"}],"about":[{"href":"https:\/\/leiklist.is\/en\/wp-json\/wp\/v2\/types\/product"}],"wp:featuredmedia":[{"embeddable":true,"href":"https:\/\/leiklist.is\/en\/wp-json\/wp\/v2\/media\/15651"}],"wp:attachment":[{"href":"https:\/\/leiklist.is\/en\/wp-json\/wp\/v2\/media?parent=15616"}],"wp:term":[{"taxonomy":"product_brand","embeddable":true,"href":"https:\/\/leiklist.is\/en\/wp-json\/wp\/v2\/product_brand?post=15616"},{"taxonomy":"product_cat","embeddable":true,"href":"https:\/\/leiklist.is\/en\/wp-json\/wp\/v2\/product_cat?post=15616"},{"taxonomy":"product_tag","embeddable":true,"href":"https:\/\/leiklist.is\/en\/wp-json\/wp\/v2\/product_tag?post=15616"}],"curies":[{"name":"wp","href":"https:\/\/api.w.org\/{rel}","templated":true}]}}