{"id":15614,"date":"2020-02-24T19:57:06","date_gmt":"2020-02-24T19:57:06","guid":{"rendered":"http:\/\/leiklist.websitetest.site\/product\/import-placeholder-for-5661\/"},"modified":"2026-03-09T11:36:34","modified_gmt":"2026-03-09T11:36:34","slug":"kryolan-hyljarar-6-lita-hjol","status":"publish","type":"product","link":"https:\/\/leiklist.is\/en\/product\/kryolan-hyljarar-6-lita-hjol\/","title":{"rendered":"Hyljarar (Concealer circle) 6 lita hj\u00f3l"},"content":{"rendered":"<p class=\"p1\">Concealer Circle, hyljarar \u00ed 6 lita 40 gr. d\u00f3sum fr\u00e1 Kryolan, framleiddir \u00ed m\u00f6rgum mismunandi samsetningum. Hyljararnir eru mj\u00f6g \u00feekjandi og eru nota\u00f0ir til a\u00f0 hylja bauga, b\u00f3lur og \u00f6nnur l\u00fdti \u00e1 h\u00fa\u00f0 fyrir f\u00f6r\u00f0un.<\/p>\n<p class=\"p1\">Innihaldsl\u00fdsing og n\u00e1nari uppl\u00fdsingar:<\/p>\n<p class=\"p1\"><a href=\"https:\/\/us.kryolan.com\/product\/concealer-circle#USA\">https:\/\/us.kryolan.com\/product\/concealer-circle#USA<\/a><\/p>","protected":false},"excerpt":{"rendered":"<p>Concealer Circle, hyljarar \u00ed 6 lita 40 gr. d\u00f3sum fr\u00e1 Kryolan, framleiddir \u00ed m\u00f6rgum mismunandi samsetningum. Hyljararnir eru mj\u00f6g \u00feekjandi og eru nota\u00f0ir til a\u00f0 hylja bauga, b\u00f3lur og \u00f6nnur l\u00fdti \u00e1 h\u00fa\u00f0 fyrir f\u00f6r\u00f0un. Innihaldsl\u00fdsing og n\u00e1nari uppl\u00fdsingar: https:\/\/us.kryolan.com\/product\/concealer-circle#USA<\/p>","protected":false},"featured_media":15646,"template":"","meta":{"_et_pb_use_builder":"","_et_pb_old_content":"","_et_gb_content_width":""},"product_brand":[],"product_cat":[126,127],"product_tag":[75],"class_list":{"0":"post-15614","1":"product","2":"type-product","3":"status-publish","4":"has-post-thumbnail","6":"product_cat-andlits-likamslitir","7":"product_cat-make-up","8":"product_tag-kryolan","10":"first","11":"instock","12":"taxable","13":"shipping-taxable","14":"purchasable","15":"product-type-variable"},"_links":{"self":[{"href":"https:\/\/leiklist.is\/en\/wp-json\/wp\/v2\/product\/15614","targetHints":{"allow":["GET"]}}],"collection":[{"href":"https:\/\/leiklist.is\/en\/wp-json\/wp\/v2\/product"}],"about":[{"href":"https:\/\/leiklist.is\/en\/wp-json\/wp\/v2\/types\/product"}],"wp:featuredmedia":[{"embeddable":true,"href":"https:\/\/leiklist.is\/en\/wp-json\/wp\/v2\/media\/15646"}],"wp:attachment":[{"href":"https:\/\/leiklist.is\/en\/wp-json\/wp\/v2\/media?parent=15614"}],"wp:term":[{"taxonomy":"product_brand","embeddable":true,"href":"https:\/\/leiklist.is\/en\/wp-json\/wp\/v2\/product_brand?post=15614"},{"taxonomy":"product_cat","embeddable":true,"href":"https:\/\/leiklist.is\/en\/wp-json\/wp\/v2\/product_cat?post=15614"},{"taxonomy":"product_tag","embeddable":true,"href":"https:\/\/leiklist.is\/en\/wp-json\/wp\/v2\/product_tag?post=15614"}],"curies":[{"name":"wp","href":"https:\/\/api.w.org\/{rel}","templated":true}]}}