{"id":15612,"date":"2020-02-24T19:57:05","date_gmt":"2020-02-24T19:57:05","guid":{"rendered":"http:\/\/leiklist.websitetest.site\/product\/import-placeholder-for-5553\/"},"modified":"2024-12-13T12:15:57","modified_gmt":"2024-12-13T12:15:57","slug":"uv-dayglow-compact-color-2-5-ml-dos","status":"publish","type":"product","link":"https:\/\/leiklist.is\/en\/product\/uv-dayglow-compact-color-2-5-ml-dos\/","title":{"rendered":"Aquacolor UV-Dayglow Compact Color, 2.5 ml"},"content":{"rendered":"<p><em><strong>ATH! EKKI TIL A\u00d0 BERA \u00c1 H\u00da\u00d0!<\/strong><br \/>\nUV-Dayglow Compact Color<\/em> fr\u00e1 Kryolan eru kremkenndir vatnslitir. Litirnir eru sk\u00e6rir og sterkir og h\u00e6gt a\u00f0 n\u00e1 fram flottum \u00e1hrifum \u00ed venjulegri l\u00fdsingu en \u00feegar nota\u00f0 er svokalla\u00f0 black light hverfur allt nema \u00fea\u00f0 sem m\u00e1la\u00f0 er me\u00f0 \u00feessum \u00f3tr\u00falegu litum.<br \/>\nF\u00e1st \u00ed rau\u00f0u, bleiku, gr\u00e6nu, gulu, bl\u00e1u, rau\u00f0gulu og fj\u00f3lubl\u00e1u \u00ed st\u00f6kum 15 ml. d\u00f3sum.<\/p>\n<p>Litirnir f\u00e1st \u00ed einnig 8 lita palettu.<\/p>\n<p>Litirnir eru bornir \u00e1 me\u00f0 r\u00f6kum svampi e\u00f0a pensli og n\u00e1st au\u00f0veldlega af me\u00f0 vatni og s\u00e1pu.<\/p>\n<p><em>L\u00fdsing framlei\u00f0anda \u00e1 v\u00f6runni:<\/em><\/p>\n<p>Aquacolor UV-Dayglow is a fat-free water color. With a pigment content of ca. 50%. Aquacolor UV-Dayglow is specially color intensive and glows already under normal light conditions. It is universally applicable, for example, clothing, shoes, for baldness effects and masks to achieve special lighting effects under black light. Application is effortless, with an only slightly moistened make-up sponge or brush. After drying, it can be gently buffed with a soft towel. Setting Spray is recommended if the make-up will be subjected\u00a0 to extreme conditions. Aquacolor is extensively smudge-proof and can be easily removed with soap and water.<\/p>\n<p>These used special fluorescent pigments are intended for special effects and are not colors in the sense of the German and European Regulation of the European Parliament and of the Council. <em><strong>These products are not intended for cosmetic use,<\/strong><\/em> but have been successfully tested in a university hospital for their safety.<\/p>","protected":false},"excerpt":{"rendered":"<p>ATH! EKKI TIL A\u00d0 BERA \u00c1 H\u00da\u00d0! UV-Dayglow Compact Color fr\u00e1 Kryolan eru kremkenndir vatnslitir. Litirnir eru sk\u00e6rir og sterkir og h\u00e6gt a\u00f0 n\u00e1 fram flottum \u00e1hrifum \u00ed venjulegri l\u00fdsingu en \u00feegar nota\u00f0 er svokalla\u00f0 black light hverfur allt nema \u00fea\u00f0 sem m\u00e1la\u00f0 er me\u00f0 \u00feessum \u00f3tr\u00falegu litum. F\u00e1st \u00ed rau\u00f0u, bleiku, gr\u00e6nu, gulu, bl\u00e1u, [&hellip;]<\/p>\n","protected":false},"featured_media":15644,"template":"","meta":{"_et_pb_use_builder":"","_et_pb_old_content":"","_et_gb_content_width":""},"product_brand":[],"product_cat":[126,69,127,128,73],"product_tag":[75],"class_list":{"0":"post-15612","1":"product","2":"type-product","3":"status-publish","4":"has-post-thumbnail","6":"product_cat-andlits-likamslitir","7":"product_cat-andlitslikamslitir","8":"product_cat-make-up","9":"product_cat-vatnslitir-fordun","10":"product_cat-fardi","11":"product_tag-kryolan","13":"first","14":"instock","15":"taxable","16":"shipping-taxable","17":"purchasable","18":"product-type-variable"},"_links":{"self":[{"href":"https:\/\/leiklist.is\/en\/wp-json\/wp\/v2\/product\/15612","targetHints":{"allow":["GET"]}}],"collection":[{"href":"https:\/\/leiklist.is\/en\/wp-json\/wp\/v2\/product"}],"about":[{"href":"https:\/\/leiklist.is\/en\/wp-json\/wp\/v2\/types\/product"}],"wp:featuredmedia":[{"embeddable":true,"href":"https:\/\/leiklist.is\/en\/wp-json\/wp\/v2\/media\/15644"}],"wp:attachment":[{"href":"https:\/\/leiklist.is\/en\/wp-json\/wp\/v2\/media?parent=15612"}],"wp:term":[{"taxonomy":"product_brand","embeddable":true,"href":"https:\/\/leiklist.is\/en\/wp-json\/wp\/v2\/product_brand?post=15612"},{"taxonomy":"product_cat","embeddable":true,"href":"https:\/\/leiklist.is\/en\/wp-json\/wp\/v2\/product_cat?post=15612"},{"taxonomy":"product_tag","embeddable":true,"href":"https:\/\/leiklist.is\/en\/wp-json\/wp\/v2\/product_tag?post=15612"}],"curies":[{"name":"wp","href":"https:\/\/api.w.org\/{rel}","templated":true}]}}